{"id":6585,"date":"2019-07-21T13:52:38","date_gmt":"2019-07-21T11:52:38","guid":{"rendered":"http:\/\/www.centroorizzontelavoro.it\/?page_id=6585"},"modified":"2020-10-21T15:54:06","modified_gmt":"2020-10-21T13:54:06","slug":"newsletter-bandi","status":"publish","type":"page","link":"http:\/\/www.centroorizzontelavoro.it\/index.php\/newsletter-bandi\/","title":{"rendered":"Finanzia la tua organizzazione"},"content":{"rendered":"<div id=\"pl-6585\"  class=\"panel-layout\" ><div id=\"pg-6585-0\"  class=\"panel-grid panel-no-style\" ><div id=\"pgc-6585-0-0\"  class=\"panel-grid-cell\" ><div id=\"panel-6585-0-0-0\" class=\"so-panel widget widget_sow-editor panel-first-child panel-last-child\" data-index=\"0\" ><div class=\"so-widget-sow-editor so-widget-sow-editor-base\">\n<div class=\"siteorigin-widget-tinymce textwidget\">\n\t<p><a href=\"http:\/\/www.centroorizzontelavoro.it\/index.php\/abbonamento-newsletter-finanzia-la-tua-organizzazione\/\"><img loading=\"lazy\" class=\"size-full wp-image-11575 aligncenter\" src=\"http:\/\/www.centroorizzontelavoro.it\/wp-content\/uploads\/2020\/04\/FINANZIA-scaled.jpg\" alt=\"\" width=\"2560\" height=\"1234\" srcset=\"http:\/\/www.centroorizzontelavoro.it\/wp-content\/uploads\/2020\/04\/FINANZIA-scaled.jpg 2560w, http:\/\/www.centroorizzontelavoro.it\/wp-content\/uploads\/2020\/04\/FINANZIA-300x145.jpg 300w, http:\/\/www.centroorizzontelavoro.it\/wp-content\/uploads\/2020\/04\/FINANZIA-1024x493.jpg 1024w, http:\/\/www.centroorizzontelavoro.it\/wp-content\/uploads\/2020\/04\/FINANZIA-768x370.jpg 768w, http:\/\/www.centroorizzontelavoro.it\/wp-content\/uploads\/2020\/04\/FINANZIA-1536x740.jpg 1536w, http:\/\/www.centroorizzontelavoro.it\/wp-content\/uploads\/2020\/04\/FINANZIA-2048x987.jpg 2048w, http:\/\/www.centroorizzontelavoro.it\/wp-content\/uploads\/2020\/04\/FINANZIA-600x289.jpg 600w\" sizes=\"(max-width: 2560px) 100vw, 2560px\" \/><\/a><\/p>\n<p>Come sappiamo, mentre il bisogno di servizi in ambito sociale, culturale, ambientale e turistico va crescendo, si riducono sempre di pi\u00f9, a cascata, i trasferimenti di risorse da parte dello stato alle regioni, da queste agli enti locali e da questi ultimi alle organizzazioni senza scopo di lucro.<\/p>\n<p>A fronte di tale situazione, decine di milioni di euro sono messi a disposizione e, paradossalmente, non vengono utilizzati! Questo fatto assai singolare \u00e8 dovuto, tra l\u2019altro, alla enorme disinformazione circa le tantissime linee di finanziamento oggi esistenti ai vari livelli.<\/p>\n<p>Per ovviare a tale problema, il Centro Orizzonte Lavoro pubblica, con cadenza bimensile, una newsletter che consente di essere costantemente aggiornati sui bandi e le opportunit\u00e0 di finanziamento messi a disposizione degli enti del terzo settore (cooperative e imprese sociali, associazioni, enti di volontariato, fondazioni, scuole statali e paritarie, enti ecclesiastici, ecc.). Man mano che vengono pubblicati, la newsletter riporta tutti i bandi emanati a livello internazionale, europeo, nazionale, regionale, nonch\u00e9 dalle innumerevoli fondazioni bancarie e benefiche in genere.<\/p>\n<p>Come si vede, si tratta di uno strumento indispensabile: una panoramica sempre aggiornata delle tante opportunit\u00e0 delle quali \u00e8 possibile avvalersi senza dovere investire giorno dopo giorno, ammesso che se ne abbiano le competenze, tempo e risorse preziose.<\/p>\n<\/div>\n<\/div><\/div><\/div><\/div><div id=\"pg-6585-1\"  class=\"panel-grid panel-no-style\" ><div id=\"pgc-6585-1-0\"  class=\"panel-grid-cell\" ><div id=\"panel-6585-1-0-0\" class=\"so-panel widget widget_sow-editor panel-first-child\" data-index=\"1\" ><div class=\"so-widget-sow-editor so-widget-sow-editor-base\">\n<div class=\"siteorigin-widget-tinymce textwidget\">\n\t<h4><span style=\"color: #ff6600;\">Visualizza una newsletter!<\/span><\/h4>\n<p>Accedi ad una delle nostre newsletter e cogli i tanti bandi, le opportunit\u00e0 di finanziamento per il terzo settore e molto altro ancora di cui ti potrai avvalere ad ogni invio.<\/p>\n<\/div>\n<\/div><\/div><div id=\"panel-6585-1-0-1\" class=\"so-panel widget widget_button\" data-index=\"2\" ><div class=\"thim-widget-button thim-widget-button-base template-base\">\n<div id=\"button_69ff708ba294c\" class=\"text-center\">\n\t<a target=\"_blank\" href=\"http:\/\/www.centroorizzontelavoro.it\/wp-content\/uploads\/2020\/10\/BANDI-E-OPPORTUNITA-DI-FINANZIAMENTO.pdf\" class=\"thim-button default inner size-large\">ACCEDI<\/a>\n<\/div>\n\n\t<style>\n\t\t#button_69ff708ba294c .thim-button{\n\t\t\tbackground: #2336e0;\n\t\t\tcolor: #ffffff;\n\t\t}\n\t\t#button_69ff708ba294c .thim-button:hover{\n\t\t\tbackground: #2336e0;\n\t\t\tcolor: #ffffff;\n\t\t}\n\t<\/style>\n<\/div><\/div><div id=\"panel-6585-1-0-2\" class=\"so-panel widget widget_sow-editor panel-last-child\" data-index=\"3\" ><div class=\"so-widget-sow-editor so-widget-sow-editor-base\">\n<div class=\"siteorigin-widget-tinymce textwidget\">\n\t<h4><span style=\"color: #ff6600;\">Iscriviti gratuitamente!<\/span><\/h4>\n<p style=\"text-align: justify;\">Iscrivendoti gratuitamente potrai ricevere la newsletter, che ti consentir\u00e0 di visualizzare una breve anteprima dei bandi presenti nel nostro database. Ci\u00f2 ti consentir\u00e0 di comprendere la tipologia dei bandi pubblicati, la loro utilit\u00e0 per la tua organizzazione e, quindi, di valutare quanto sia valido poterti avvalere del servizio di consultazione completa attivando l\u2019abbonamento semestrale o annuale per visualizzare le schede dei bandi con maggiori dettagli e informazioni, rispetto a quanto \u00e8 accessibile agli utenti solamente registrati.<\/p>\n<p style=\"text-align: justify;\"><strong><span style=\"color: #ff6600;\">Abb\u00f2nati!<\/span><\/strong><\/p>\n<p style=\"text-align: justify;\">Abbonandoti (con poco pi\u00f9 di 13 centesimi al giorno), riceverai la newsletter in formato \u201cschede complete\u201d nella quale troverai una serie di informazioni aggiuntive riguardanti l\u2019ente erogatore, gli obiettivi e le azioni che il bando intende realizzare con i finanziamenti che mette a disposizione, chi ne pu\u00f2 beneficiare, l\u2019entit\u00e0 dello stanziamento complessivo e il massimale richiedibile, le modalit\u00e0 di partecipazione, il link e altri riferimenti utili. <strong>E non solo. Abbonandoti, potrai avvalerti di diverse altre opportunit\u00e0 che trovi di seguito elencate.<\/strong><\/p>\n<h4><span style=\"color: #ff6600;\">L'abbonamento comprende<\/span><\/h4>\n<ul>\n<li>L\u2019invio di due newsletter al mese per sei mesi, con un totale di 10 invii, o per 12 mesi con un totale di 20 invii, a seconda dell\u2019abbonamento scelto.<\/li>\n<li>L\u2019inoltro immediato (senza attendere, cio\u00e8, il periodico invio della newsletter) dei bandi particolarmente utili per la propria organizzazione, quelli cio\u00e8 relativi alla propria regione e ai due principali ambiti nei quali l\u2019abbonato lavora.<\/li>\n<li>La partecipazione gratuita a periodici webinar.<\/li>\n<li>Lo sconto del 20% sui corsi di formazione organizzati dal Centro Orizzonte Lavoro.<\/li>\n<li>L\u2019accesso ad una sezione riservata del sito, nella quale potere consultare e scaricare un\u2019ampia serie di documenti sui temi del Terzo settore, della progettazione sociale, della raccolta fondi e tanto altro ancora.<\/li>\n<li>La possibilit\u00e0 di pubblicare, a titolo gratuito, un annuncio per la ricerca di personale, sia da inserire nell\u2019ente del quale si fa parte, che al domicilio personale, creando cos\u00ec lavoro. Il servizio si attiva nei termini e con le modalit\u00e0 che saranno indicate in seguito all\u2019invio di una tua email a <a href=\"mailto:offrolavorocol@gmail.com\">offrolavorocol@gmail.com<\/a><\/li>\n<\/ul>\n<h2 style=\"text-align: center;\"><span style=\"color: #ff6600;\">RIEPILOGANDO HAI DUE POSSIBILITA' :<\/span><\/h2>\n<\/div>\n<\/div><\/div><\/div><\/div><div id=\"pg-6585-2\"  class=\"panel-grid panel-no-style\" ><div id=\"pgc-6585-2-0\"  class=\"panel-grid-cell\" ><div id=\"panel-6585-2-0-0\" class=\"so-panel widget widget_button panel-first-child panel-last-child\" data-index=\"4\" ><div class=\"thim-widget-button thim-widget-button-base template-base\">\n<div id=\"button_69ff708ba663c\" class=\"text-center\">\n\t<a target=\"_blank\" href=\"http:\/\/www.centroorizzontelavoro.it\/index.php\/registrazione-gratuita-newsletter-finanzia-la-tua-organizzazione\/\" class=\"thim-button default inner size-large\">ISCRIVITI GRATUITAMENTE PER 4 SETTIMANE<\/a>\n<\/div>\n\n\t<style>\n\t\t#button_69ff708ba663c .thim-button{\n\t\t\tbackground: #dd3333;\n\t\t\tcolor: #ffffff;\n\t\t}\n\t\t#button_69ff708ba663c .thim-button:hover{\n\t\t\tbackground: #dd3333;\n\t\t\tcolor: #ffffff;\n\t\t}\n\t<\/style>\n<\/div><\/div><\/div><div id=\"pgc-6585-2-1\"  class=\"panel-grid-cell\" ><div id=\"panel-6585-2-1-0\" class=\"so-panel widget widget_button panel-first-child panel-last-child\" data-index=\"5\" ><div class=\"thim-widget-button thim-widget-button-base template-base\">\n<div id=\"button_69ff708baa32c\" class=\"text-center\">\n\t<a target=\"_blank\" href=\"http:\/\/www.centroorizzontelavoro.it\/index.php\/abbonamento-newsletter-finanzia-la-tua-organizzazione\/\" class=\"thim-button default inner size-large\">ABBONATI SUBITO<\/a>\n<\/div>\n\n\t<style>\n\t\t#button_69ff708baa32c .thim-button{\n\t\t\tbackground: #8224e3;\n\t\t\tcolor: #ffffff;\n\t\t}\n\t\t#button_69ff708baa32c .thim-button:hover{\n\t\t\tbackground: #8224e3;\n\t\t\tcolor: #ffffff;\n\t\t}\n\t<\/style>\n<\/div><\/div><\/div><\/div><\/div>","protected":false},"excerpt":{"rendered":"<p>Come sappiamo, mentre il bisogno di servizi in ambito sociale, culturale, ambientale e turistico va crescendo, si riducono sempre di pi\u00f9, a cascata, i trasferimenti di risorse da parte dello stato alle regioni, da queste agli enti locali e da questi ultimi alle organizzazioni senza scopo di lucro. A fronte [&hellip;]<\/p>\n","protected":false},"author":1,"featured_media":0,"parent":0,"menu_order":0,"comment_status":"closed","ping_status":"closed","template":"","meta":{"_monsterinsights_skip_tracking":false,"_monsterinsights_sitenote_active":false,"_monsterinsights_sitenote_note":"","_monsterinsights_sitenote_category":0},"_links":{"self":[{"href":"http:\/\/www.centroorizzontelavoro.it\/index.php\/wp-json\/wp\/v2\/pages\/6585"}],"collection":[{"href":"http:\/\/www.centroorizzontelavoro.it\/index.php\/wp-json\/wp\/v2\/pages"}],"about":[{"href":"http:\/\/www.centroorizzontelavoro.it\/index.php\/wp-json\/wp\/v2\/types\/page"}],"author":[{"embeddable":true,"href":"http:\/\/www.centroorizzontelavoro.it\/index.php\/wp-json\/wp\/v2\/users\/1"}],"replies":[{"embeddable":true,"href":"http:\/\/www.centroorizzontelavoro.it\/index.php\/wp-json\/wp\/v2\/comments?post=6585"}],"version-history":[{"count":95,"href":"http:\/\/www.centroorizzontelavoro.it\/index.php\/wp-json\/wp\/v2\/pages\/6585\/revisions"}],"predecessor-version":[{"id":12219,"href":"http:\/\/www.centroorizzontelavoro.it\/index.php\/wp-json\/wp\/v2\/pages\/6585\/revisions\/12219"}],"wp:attachment":[{"href":"http:\/\/www.centroorizzontelavoro.it\/index.php\/wp-json\/wp\/v2\/media?parent=6585"}],"curies":[{"name":"wp","href":"https:\/\/api.w.org\/{rel}","templated":true}]}}