{"id":6374,"date":"2019-07-19T16:32:10","date_gmt":"2019-07-19T14:32:10","guid":{"rendered":"http:\/\/www.centroorizzontelavoro.it\/?page_id=6374"},"modified":"2019-08-02T17:50:16","modified_gmt":"2019-08-02T15:50:16","slug":"promozione-servizio-civile-universale","status":"publish","type":"page","link":"http:\/\/www.centroorizzontelavoro.it\/index.php\/promozione-servizio-civile-universale\/","title":{"rendered":"Promozione Servizio Civile Universale"},"content":{"rendered":"<div id=\"pl-6374\"  class=\"panel-layout\" ><div id=\"pg-6374-0\"  class=\"panel-grid panel-no-style\" ><div id=\"pgc-6374-0-0\"  class=\"panel-grid-cell\" ><div id=\"panel-6374-0-0-0\" class=\"so-panel widget widget_sow-editor panel-first-child panel-last-child\" data-index=\"0\" ><div class=\"so-widget-sow-editor so-widget-sow-editor-base\">\n<div class=\"siteorigin-widget-tinymce textwidget\">\n\t<p>Il Servizio Civile Universale rappresenta una grande esperienza non solo per i giovani volontari, ma anche per gli enti promotori, perch\u00e9 pu\u00f2 dare vita a lunghe collaborazioni, nell\u2019ottica di uno sviluppo futuro.<br \/>\nEnti pubblici o privati, associazioni, cooperative, imprese sociali,scuole e comuni possono parteciparvi e decidere di chiedere l\u2019assegnazione, da uno a venti volontari.<\/p>\n<p><a href=\"http:\/\/www.centroorizzontelavoro.it\/wp-content\/uploads\/2019\/07\/Promozione-del-servizio-civile-universale.jpg\"><img loading=\"lazy\" class=\"aligncenter wp-image-6376 size-large\" src=\"http:\/\/www.centroorizzontelavoro.it\/wp-content\/uploads\/2019\/07\/Promozione-del-servizio-civile-universale-1024x576.jpg\" alt=\"\" width=\"640\" height=\"360\" srcset=\"http:\/\/www.centroorizzontelavoro.it\/wp-content\/uploads\/2019\/07\/Promozione-del-servizio-civile-universale-1024x576.jpg 1024w, http:\/\/www.centroorizzontelavoro.it\/wp-content\/uploads\/2019\/07\/Promozione-del-servizio-civile-universale-300x169.jpg 300w, http:\/\/www.centroorizzontelavoro.it\/wp-content\/uploads\/2019\/07\/Promozione-del-servizio-civile-universale-768x432.jpg 768w, http:\/\/www.centroorizzontelavoro.it\/wp-content\/uploads\/2019\/07\/Promozione-del-servizio-civile-universale-600x338.jpg 600w, http:\/\/www.centroorizzontelavoro.it\/wp-content\/uploads\/2019\/07\/Promozione-del-servizio-civile-universale.jpg 1920w\" sizes=\"(max-width: 640px) 100vw, 640px\" \/><\/a><\/p>\n<p>&nbsp;<\/p>\n<p style=\"text-align: justify;\">Secondo le normative, gli <strong>enti non profit<\/strong> possono avvalersi dei giovani del servizio civile, a titolo di esempio, come supporto alle proprie attivit\u00e0 formative o di assistenza rivolte a persone disabili, adulti e terza et\u00e0 in condizioni di fragilit\u00e0, minori e giovani anche svantaggiati o a rischio di esclusione sociale, persone con delle dipendenze, donne in difficolt\u00e0, detenuti ed ex detenuti, persone vittime di discriminazioni e di violenza, migranti, ecc.<a href=\"http:\/\/www.centroorizzontelavoro.it\/wp-content\/uploads\/2019\/07\/6.-Formazione-dei-giovani-del-Servizio-Civile.jpeg\"><img loading=\"lazy\" class=\"alignright wp-image-6375\" src=\"http:\/\/www.centroorizzontelavoro.it\/wp-content\/uploads\/2019\/07\/6.-Formazione-dei-giovani-del-Servizio-Civile-300x225.jpeg\" alt=\"\" width=\"400\" height=\"300\" srcset=\"http:\/\/www.centroorizzontelavoro.it\/wp-content\/uploads\/2019\/07\/6.-Formazione-dei-giovani-del-Servizio-Civile-300x225.jpeg 300w, http:\/\/www.centroorizzontelavoro.it\/wp-content\/uploads\/2019\/07\/6.-Formazione-dei-giovani-del-Servizio-Civile-768x576.jpeg 768w, http:\/\/www.centroorizzontelavoro.it\/wp-content\/uploads\/2019\/07\/6.-Formazione-dei-giovani-del-Servizio-Civile-1024x768.jpeg 1024w, http:\/\/www.centroorizzontelavoro.it\/wp-content\/uploads\/2019\/07\/6.-Formazione-dei-giovani-del-Servizio-Civile-600x450.jpeg 600w, http:\/\/www.centroorizzontelavoro.it\/wp-content\/uploads\/2019\/07\/6.-Formazione-dei-giovani-del-Servizio-Civile.jpeg 1599w\" sizes=\"(max-width: 400px) 100vw, 400px\" \/><\/a><br \/>\nI volontari possono anche essere impiegati nei settori di protezione civile, patrimonio ambientale e riqualificazione urbana, patrimonio storico-artistico, promozione culturale, del turismo sostenibile, sociale e dello sport.<\/p>\n<p style=\"text-align: justify;\">Le <strong>scuole<\/strong> potrebbero aver bisogno di aiuto in progetti vari, nel supporto agli alunni in difficolt\u00e0, nell'insegnamento della lingua italiana ai ragazzi immigrati, nel sostegno scolastico pomeridiano, nella propria biblioteca e\/o aula per corsi di informatica, nelle attivit\u00e0 di pre-scuola e post-scuola, nelle attivit\u00e0 ludiche e sportive, anche pomeridiane, nell'animazione in genere, nei laboratori, nell\u2019apertura della scuola nei mesi estivi, ecc.<\/p>\n<p style=\"text-align: justify;\">I <strong>comuni<\/strong> si possono avvalere dei giovani del servizio civile, a titolo di esempio, nei propri locali, nella cura e conservazione della biblioteca, negli sportelli informativi, nel centro per gli anziani o in quello giovanile, nei servizi rivolti alle persone disabili, ai migranti e ad altri soggetti in condizione di disagio o di esclusione sociale, nelle scuole per l\u2019infanzia, primarie e secondarie di primo grado, dove occuparsi degli alunni in difficolt\u00e0, dell'insegnamento della lingua italiana ai ragazzi immigrati, del sostegno scolastico pomeridiano, delle attivit\u00e0 di pre-scuola e post-scuola, di quelle ludiche e sportive, anche pomeridiane, dei laboratori, dell\u2019apertura della scuola nei mesi estivi, ecc. I volontari possono anche essere impiegati nella tutela del patrimonio storico-artistico, nella promozione culturale, del turismo sostenibile e sociale e dello sport.<\/p>\n<p>Il Centro Orizzonte Lavoro, ha gi\u00e0 tutorato in tal senso diversi enti del terzo settore, istituti scolastici, comuni della provincia, consentendo agli stessi di elevare il numero e la qualit\u00e0 dei servizi offerti ai propri utenti. Disponendo di una esperienza maturata lungo un ventennio, prima con gli obiettori di coscienza e, fin dal suo nascere, con il Servizio Civile, siamo in grado di offrire tutta la consulenza e i servizi necessari per l\u2019accreditamento o per procedere al necessario riaccreditamento, cos\u00ec da potersi avvalere poi annualmente fino ad un massimo di 20 volontari.<\/p>\n<p>Per saperne di pi\u00f9 non esitare a contattarci al nostro indirizzo e-mail: <a href=\"mailto:info@centrorizzontela.it\">info@centrorizzontela.it<\/a><\/p>\n<\/div>\n<\/div><\/div><\/div><\/div><\/div>","protected":false},"excerpt":{"rendered":"<p>Il Servizio Civile Universale rappresenta una grande esperienza non solo per i giovani volontari, ma anche per gli enti promotori, perch\u00e9 pu\u00f2 dare vita a lunghe collaborazioni, nell\u2019ottica di uno sviluppo futuro. Enti pubblici o privati, associazioni, cooperative, imprese sociali,scuole e comuni possono parteciparvi e decidere di chiedere l\u2019assegnazione, da [&hellip;]<\/p>\n","protected":false},"author":1,"featured_media":0,"parent":0,"menu_order":0,"comment_status":"closed","ping_status":"closed","template":"","meta":{"_monsterinsights_skip_tracking":false,"_monsterinsights_sitenote_active":false,"_monsterinsights_sitenote_note":"","_monsterinsights_sitenote_category":0},"_links":{"self":[{"href":"http:\/\/www.centroorizzontelavoro.it\/index.php\/wp-json\/wp\/v2\/pages\/6374"}],"collection":[{"href":"http:\/\/www.centroorizzontelavoro.it\/index.php\/wp-json\/wp\/v2\/pages"}],"about":[{"href":"http:\/\/www.centroorizzontelavoro.it\/index.php\/wp-json\/wp\/v2\/types\/page"}],"author":[{"embeddable":true,"href":"http:\/\/www.centroorizzontelavoro.it\/index.php\/wp-json\/wp\/v2\/users\/1"}],"replies":[{"embeddable":true,"href":"http:\/\/www.centroorizzontelavoro.it\/index.php\/wp-json\/wp\/v2\/comments?post=6374"}],"version-history":[{"count":4,"href":"http:\/\/www.centroorizzontelavoro.it\/index.php\/wp-json\/wp\/v2\/pages\/6374\/revisions"}],"predecessor-version":[{"id":6798,"href":"http:\/\/www.centroorizzontelavoro.it\/index.php\/wp-json\/wp\/v2\/pages\/6374\/revisions\/6798"}],"wp:attachment":[{"href":"http:\/\/www.centroorizzontelavoro.it\/index.php\/wp-json\/wp\/v2\/media?parent=6374"}],"curies":[{"name":"wp","href":"https:\/\/api.w.org\/{rel}","templated":true}]}}