{"id":6164,"date":"2019-07-04T18:50:36","date_gmt":"2019-07-04T16:50:36","guid":{"rendered":"http:\/\/www.centroorizzontelavoro.it\/?page_id=6164"},"modified":"2021-06-30T10:51:24","modified_gmt":"2021-06-30T08:51:24","slug":"corsi-di-formazione-2","status":"publish","type":"page","link":"http:\/\/www.centroorizzontelavoro.it\/index.php\/corsi-di-formazione-2\/","title":{"rendered":"Corsi di formazione"},"content":{"rendered":"<div id=\"pl-8226\"  class=\"panel-layout\" ><div id=\"pg-8226-0\"  class=\"panel-grid panel-no-style\" ><div id=\"pgc-8226-0-0\"  class=\"panel-grid-cell\" ><div id=\"panel-8226-0-0-0\" class=\"so-panel widget widget_sow-editor panel-first-child\" data-index=\"0\" ><div class=\"so-widget-sow-editor so-widget-sow-editor-base\"><h3 class=\"widget-title\">FINALITA&#039;<\/h3>\n<div class=\"siteorigin-widget-tinymce textwidget\">\n\t<p style=\"text-align: justify;\">Gi\u00e0 da quasi un anno vengono emanati dei bandi che rendono ancora disponibili la gran parte dei 118,2 miliardi di euro dei fondi UE, stanziati per il sessennio, che si dovrebbero spendere o almeno impegnare entro il 2020.<\/p>\n<p style=\"text-align: justify;\">Una occasione da non perdere per elevare la qualit\u00e0 della vita delle nostre comunit\u00e0 e l\u2019avvio di nuovi progetti e servizi.<\/p>\n<p style=\"text-align: justify;\">La programmazione dei fondi comunitari costituisce infatti il principale strumento di finanziamento delle iniziative di sviluppo delle Organizzazioni del terzo settore e degli Enti pubblici, oltre che per le imprese.<\/p>\n<p style=\"text-align: justify;\">Per un progettista che voglia elaborare proposte di successo, cio\u00e8 finanziabili, non \u00e8 sufficiente adattare la proposta allo schema di bando: occorre sapere effettuare un preventivo riscontro dei requisiti oggettivi richiesti, dal momento che l\u2019elargizione dei fondi \u00e8 sempre pi\u00f9 vincolata al conseguimento di obiettivi concreti, misurabili e dimostrabili.<\/p>\n<p style=\"text-align: justify;\">Chi intende utilizzare i finanziamenti europei, nazionali o regionali deve quindi essere in grado di integrare la conoscenza dei fondi comunitari diretti e indiretti con le tecniche del project management. Se si vogliono elaborare proposte progettuali che risultino vincenti, occorre sapere individuare i fondi pi\u00f9 adatti alle specifiche esigenze, elaborare i progetti secondo corrette tecnicalit\u00e0 e impostare un budget pertinente in relazione a obiettivi chiaramente identificati.<\/p>\n<p style=\"text-align: justify;\">Il corso intende offrire ai partecipanti un percorso specialistico e al tempo stesso operativo che faccia riferimento, sia alla programmazione 2014\u20132020, che alle pi\u00f9 collaudate metodologie e tecniche di progettazione europea.<\/p>\n<p style=\"text-align: justify;\">I passaggi progettuali pi\u00f9 delicati verranno specificamente trattati in un laboratorio dal riscontro pratico che consenta ai corsisti di mettersi in gioco progettando concretamente e in maniera vincente.<\/p>\n<p style=\"text-align: justify;\">Durante il corso saranno selezionate dai docenti - in base alle indicazioni emerse in aula - una o pi\u00f9 idee progettuali in relazione a bandi realmente aperti, che saranno debitamente presentati e diverranno oggetto di una concreta elaborazione, mirata alla presentazione di una reale proposta da parte dei diretti interessati.<\/p>\n<\/div>\n<\/div><\/div><div id=\"panel-8226-0-0-1\" class=\"so-panel widget widget_sow-editor\" data-index=\"1\" ><div class=\"so-widget-sow-editor so-widget-sow-editor-base\"><h3 class=\"widget-title\">DESTINATARI<\/h3>\n<div class=\"siteorigin-widget-tinymce textwidget\">\n\t<p style=\"text-align: justify;\">Progettisti e quadri di organizzazioni del terzo settore (cooperative sociali, associazioni, enti di volontariato, scuole ed enti di formazione, ecc.), responsabili, dirigenti e funzionari di organismi pubblici e privati, enti locali, uffici Europa, aziende di sviluppo, consulenti, commercialisti, liberi professionisti. Il corso \u00e8 aperto anche a studenti universitari e a laureati che intendano iniziare o approfondire l\u2019attivit\u00e0 di europrogettazione. Per qualcuno, infatti, essere in grado di redigere dei buoni progetti, potrebbe anche rappresentare una buona opportunit\u00e0 di inserimento lavorativo, dal momento che a fronte di una notevole richiesta, esistono poche figure competenti nel settore. A conclusione del percorso, un attestato di frequenza consentir\u00e0 di arricchire il proprio curriculum.<\/p>\n<\/div>\n<\/div><\/div><div id=\"panel-8226-0-0-2\" class=\"so-panel widget widget_sow-editor\" data-index=\"2\" ><div class=\"so-widget-sow-editor so-widget-sow-editor-base\"><h3 class=\"widget-title\">DOCENTI<\/h3>\n<div class=\"siteorigin-widget-tinymce textwidget\">\n\t<p style=\"text-align: justify;\">L\u2019 attivit\u00e0 formativa \u00e8 affidata a due figure dall\u2019esperienza ultra ventennale: la dott.ssa Angela Colosimo, docente senior in progettazione ed europrogettazione, project manager e financial manager in progetti finanziati con fondi europei e don Enzo Giammello, presidente della cooperativa Centro Orizzonte Lavoro, responsabile dell\u2019ufficio progettazione della stessa, formatore accreditato presso il Consiglio dei Ministri.<\/p>\n<\/div>\n<\/div><\/div><div id=\"panel-8226-0-0-3\" class=\"so-panel widget widget_sow-editor\" data-index=\"3\" ><div class=\"so-widget-sow-editor so-widget-sow-editor-base\"><h3 class=\"widget-title\">METODOLOGIA DIDATTICA<\/h3>\n<div class=\"siteorigin-widget-tinymce textwidget\">\n\t<p style=\"text-align: justify;\">La metodologia adottata sar\u00e0 di tipo interattivo e favorir\u00e0 lo scambio delle esperienze e la creazione di concreti partenariati tra i presenti. A tale scopo, come gi\u00e0 detto, sono previste delle esercitazioni pratiche che consentiranno di mettere subito in pratica le competenze acquisite e di avviare, gi\u00e0 in aula, la concreta stesura di un proprio progetto, in base ai bandi realmente aperti durante lo svolgimento del corso.<\/p>\n<\/div>\n<\/div><\/div><div id=\"panel-8226-0-0-4\" class=\"so-panel widget widget_sow-editor\" data-index=\"4\" ><div class=\"so-widget-sow-editor so-widget-sow-editor-base\"><h3 class=\"widget-title\">PROGRAMMA<\/h3>\n<div class=\"siteorigin-widget-tinymce textwidget\">\n\t<p><strong>I modulo \u2013 Introduzione generale<\/strong><\/p>\n<p>Presentazione del corso e delle aspettative, il lavoro per progetti, le politiche sociali e il rapporto con le Istituzioni, l\u2019impianto legislativo e gli orientamenti programmatici dell\u2019Unione Europea, dello Stato Italiano, della Regione e degli Enti locali: competenze, leggi, decreti, circolari le linee di finanziamento ai vari livelli. Le fondazioni, il lavoro di rete e la partnership, come leggere un bando, progettare in maniera coerente e dal punto di vista del valutatore, criteri di valutazione dei progetti al fine della loro approvazione e del relativo finanziamento.<\/p>\n<p><strong>II modulo \u2013 La programmazione in vigore, fondi diretti e indiretti, programmi comunitari, tecniche di progettazione.<\/strong><\/p>\n<p>La Strategia Europa 2020 e le priorit\u00e0 nazionali, finanziamenti comunitari a gestione diretta e indiretta, la politica di coesione, i riferimenti istituzionali, i fondi strutturali e i documenti di programmazione vigenti, le novit\u00e0 rispetto alla programmazione precedente e la condizionalit\u00e0 ex ante ed ex post, focus sui programmi pi\u00f9 significativi, mirati a favorire l\u2019occupazione (specie delle fasce deboli) e a intervenire in ambito sociale, culturale, ambientale e della innovazione.<\/p>\n<p><strong>III<\/strong> <strong>modulo \u2013 Teorie e tecniche di europrogettazione e laboratorio pratico per l\u2019impostazione di un progetto europeo<\/strong><\/p>\n<p>La ricerca del programma di finanziamento pi\u00f9 idoneo alla propria idea progettuale, gli aspetti di finanziabilit\u00e0 di un progetto, lo sviluppo della partnership, cercare partner o proporsi come partner in un progetto europeo, le tecniche di europrogettazione, il Project Cycle Management e il Logical Framework Approach, l\u2019approccio tecnico e pratico per la presentazione di un progetto, l\u2019analisi del bando, delle linee guide e dei formulari, la redazione dell\u2019Application Form; difficolt\u00e0 e buone pratiche per l\u2019impostazione di una idea progettuale vincente. La presentazione di una proposta progettuale, utilizzando le tecniche dell\u2019Europrogettazione: definizione dell\u2019idea progettuale, focus su obiettivi ed azioni, gestione del partenariato e confronto su proposte progettuali e buone prassi, analisi di progetti di successo, con l\u2019utilizzo di formulari gi\u00e0 redatti.<\/p>\n<p><strong>IV modulo \u2013 Progettazione<\/strong><\/p>\n<p>Condivisione dell'idea progettuale, analisi delle criticit\u00e0 da parte del docente; identificazione del project manager e ripartizione dei task tra i partecipanti, supervisione progettuale e ricerca dei partner con possibile supporto del docente, valutazione finale sulla sostenibilit\u00e0 del progetto e presentazione della proposta.<\/p>\n<p><strong>V MODULO \u2013 Aspetti finanziari<\/strong><\/p>\n<p style=\"text-align: justify;\">La progettazione esecutiva, l\u2019elaborazione del budget dei progetti europei, il cofinanziamento e le possibili anticipazioni, costi diretti e indiretti ammissibili, la gestione finanziaria dei progetti e il controllo di gestione, l\u2019attivit\u00e0 di rendicontazione: procedure e documentazione occorrente per il riconoscimento delle spese sostenute, la supervisione e il coordinamento di un progetto, la segreteria e l\u2019amministrazione, il controllo di gestione.<\/p>\n<\/div>\n<\/div><\/div><div id=\"panel-8226-0-0-5\" class=\"so-panel widget widget_sow-editor\" data-index=\"5\" ><div class=\"so-widget-sow-editor so-widget-sow-editor-base\"><h3 class=\"widget-title\">FOLLOW UP<\/h3>\n<div class=\"siteorigin-widget-tinymce textwidget\">\n\t<p>Ogni partecipante potr\u00e0 avvalersi di segnalazioni mirate relative a bandi, notizie su eventi e normative di interesse settoriale, supporto alla valutazione e\/o alla diffusione di un\u2019idea progettuale, segnalazione di partenariati progettuali esistenti, supporto alle relazioni con le Istituzioni Comunitarie, materiale didattico.<\/p>\n<\/div>\n<\/div><\/div><div id=\"panel-8226-0-0-6\" class=\"so-panel widget widget_sow-editor\" data-index=\"6\" ><div class=\"so-widget-sow-editor so-widget-sow-editor-base\"><h3 class=\"widget-title\">DATE<\/h3>\n<div class=\"siteorigin-widget-tinymce textwidget\">\n\t<p>Organizzato dal Centro Orizzonte Lavoro, garantito da 30 anni di esperienza, questo percorso formativo giunge alla sua <strong>quinta edizione<\/strong> ed \u00e8 articolato in <strong>5 moduli della durata complessiva di 24 ore<\/strong>, suddivisi in attivit\u00e0 teoriche e pratiche. Si svolger\u00e0 full time il <strong>10, 11 e 12 dicembre 2019,<\/strong> <strong>dalle ore 9,00 alle ore 18,00.<\/strong><\/p>\n<p>Attenzione!<strong> Le iscrizioni chiudono il 05 dicembre 2019,<\/strong> salvo esaurimento anticipato dei posti. Poi sar\u00e0 troppo tardi per ripensarci.<\/p>\n<\/div>\n<\/div><\/div><div id=\"panel-8226-0-0-7\" class=\"so-panel widget widget_sow-editor\" data-index=\"7\" ><div class=\"so-widget-sow-editor so-widget-sow-editor-base\"><h3 class=\"widget-title\">SEDE<\/h3>\n<div class=\"siteorigin-widget-tinymce textwidget\">\n\t<p>La sede di svolgimento \u00e8 quella del Centro Orizzonte Lavoro<strong>, via Crescenzio Galatola 16, Catania<\/strong> - (nei pressi del Monastero dei Benedettini di Piazza Dante).<\/p>\n<p><a href=\"https:\/\/www.google.com\/maps\/place\/Via+Crescenzio+Galatola,+16,+95124+Catania+CT\/@37.5035508,15.0807933,17z\/data=!3m1!4b1!4m5!3m4!1s0x1313e32910f526f7:0xc204207153096425!8m2!3d37.5035508!4d15.082982?hl=it\">link della posizione da google maps<\/a><\/p>\n<p>A richiesta, ci \u00e8 possibile segnalare qualche struttura vicina alla sede dei corsi, ove risiedere a costi contenuti.<\/p>\n<\/div>\n<\/div><\/div><div id=\"panel-8226-0-0-8\" class=\"so-panel widget widget_sow-editor\" data-index=\"8\" ><div class=\"so-widget-sow-editor so-widget-sow-editor-base\"><h3 class=\"widget-title\">COSTI E SCONTISTICA<\/h3>\n<div class=\"siteorigin-widget-tinymce textwidget\">\n\t<p><strong>La quota di partecipazione \u00e8 di \u20ac 230,00 (IVA inclusa, se dovuta).<\/strong><\/p>\n<p><strong>L\u2019importo si riduce ad \u20ac 180,00<\/strong> qualora al corso si iscrivano due o pi\u00f9 persone, facenti parte del medesimo ente (studio professionale, organizzazione non profit, ecc.) o legate tra loro a qualunque titolo.<\/p>\n<p><strong>\u00c8 possibile avvalersi del medesimo importo ridotto (\u20ac 180,00) <\/strong>se, pur iscrivendosi da soli, si prenota la propria partecipazione anche ad un altro (eccetto il sesto e il settimo) dei corsi in programma, purch\u00e8 i due importi, entrambi scontati, vengano versati in un\u2019unica soluzione entro il primo dei due termini di scadenza.<\/p>\n<p>Gioca d\u2019anticipo: versando oggi stesso (e fino al 20 novembre 2019) quanto dovuto per l\u2019iscrizione, ti garantirai <strong>un ulteriore risparmio di<\/strong> <strong>20 euro<\/strong> e il tuo posto in aula sar\u00e0 assicurato fin d\u2019ora.<\/p>\n<p>L\u2019iscrizione comprende l\u2019aggiornamento sui bandi di finanziamento che verranno emanati nei sei mei successivi al corso, oltre, naturalmente, al materiale didattico e alle dispense sui temi trattati, che faciliteranno la successiva attivit\u00e0 di progettazione.<\/p>\n<p>Il pagamento pu\u00f2 essere effettuato con una delle seguenti modalit\u00e0:<\/p>\n<ul>\n<li>bonifico bancario, IBAN: IT85Y0306909606100000060970 \u2013 Banca Intesa San Paolo, specificando nella causale del pagamento: \u201cIscrizione al corso sulla Europrogettazione\u201d;<\/li>\n<li>tramite assegno bancario non trasferibile o circolare, intestato a: Cooperativa Centro Orizzonte Lavoro;<\/li>\n<li>in contanti.<\/li>\n<\/ul>\n<p>N.B. Qualunque sia la modalit\u00e0 prescelta, l\u2019iscrizione \u00e8 valida solo in seguito all\u2019avvenuto pagamento.<\/p>\n<\/div>\n<\/div><\/div><div id=\"panel-8226-0-0-9\" class=\"so-panel widget widget_sow-editor panel-last-child\" data-index=\"9\" ><div class=\"so-widget-sow-editor so-widget-sow-editor-base\"><h3 class=\"widget-title\">MODALITA\u2019 DI ISCRIZIONE<\/h3>\n<div class=\"siteorigin-widget-tinymce textwidget\">\n\t<p>Per iscriversi al corso \u00e8 sufficiente inviare la scheda di iscrizione, debitamente compilata, a <em>info@centroorizzontela.it<\/em> unitamente ad una attestazione dell\u2019avvenuto pagamento, entro la data di chiusura delle iscrizioni (05 Dicembre 2019).<\/p>\n<p>Per favorire il lavoro di gruppo, l\u2019adeguato apprendimento di quanto insegnato, la dinamicit\u00e0 dell\u2019aula e l\u2019interazione con il docente, l\u2019attivit\u00e0 formativa \u00e8 a numero chiuso. Al fine di assicurarsi un posto, occorre quindi prenotare prima possibile la propria partecipazione con l\u2019invio della scheda di adesione e il versamento della quota prevista.<\/p>\n<p><a href=\"http:\/\/www.centroorizzontelavoro.it\/wp-content\/uploads\/2019\/11\/Scheda-iscrizione-europrogettazione.docx\">Scheda iscrizione corso<\/a><\/p>\n<p><a href=\"http:\/\/www.centroorizzontelavoro.it\/wp-content\/uploads\/2019\/11\/Presentazione-V-corso-sulla-Europrogettazione.pdf\">Scheda presentazione corso<\/a><\/p>\n<\/div>\n<\/div><\/div><\/div><\/div><\/div>","protected":false},"excerpt":{"rendered":"<p>Gi\u00e0 da quasi un anno vengono emanati dei bandi che rendono ancora disponibili la gran parte dei 118,2 miliardi di euro dei fondi UE, stanziati per il sessennio, che si dovrebbero spendere o almeno impegnare entro il 2020. Una occasione da non perdere per elevare la qualit\u00e0 della vita delle [&hellip;]<\/p>\n","protected":false},"author":1,"featured_media":0,"parent":0,"menu_order":0,"comment_status":"closed","ping_status":"closed","template":"","meta":{"_monsterinsights_skip_tracking":false,"_monsterinsights_sitenote_active":false,"_monsterinsights_sitenote_note":"","_monsterinsights_sitenote_category":0},"_links":{"self":[{"href":"http:\/\/www.centroorizzontelavoro.it\/index.php\/wp-json\/wp\/v2\/pages\/6164"}],"collection":[{"href":"http:\/\/www.centroorizzontelavoro.it\/index.php\/wp-json\/wp\/v2\/pages"}],"about":[{"href":"http:\/\/www.centroorizzontelavoro.it\/index.php\/wp-json\/wp\/v2\/types\/page"}],"author":[{"embeddable":true,"href":"http:\/\/www.centroorizzontelavoro.it\/index.php\/wp-json\/wp\/v2\/users\/1"}],"replies":[{"embeddable":true,"href":"http:\/\/www.centroorizzontelavoro.it\/index.php\/wp-json\/wp\/v2\/comments?post=6164"}],"version-history":[{"count":92,"href":"http:\/\/www.centroorizzontelavoro.it\/index.php\/wp-json\/wp\/v2\/pages\/6164\/revisions"}],"predecessor-version":[{"id":13186,"href":"http:\/\/www.centroorizzontelavoro.it\/index.php\/wp-json\/wp\/v2\/pages\/6164\/revisions\/13186"}],"wp:attachment":[{"href":"http:\/\/www.centroorizzontelavoro.it\/index.php\/wp-json\/wp\/v2\/media?parent=6164"}],"curies":[{"name":"wp","href":"https:\/\/api.w.org\/{rel}","templated":true}]}}