{"id":6144,"date":"2019-07-04T18:15:18","date_gmt":"2019-07-04T16:15:18","guid":{"rendered":"http:\/\/www.centroorizzontelavoro.it\/?page_id=6144"},"modified":"2019-10-14T18:26:25","modified_gmt":"2019-10-14T16:26:25","slug":"servizi-al-lavoro-pb","status":"publish","type":"page","link":"http:\/\/www.centroorizzontelavoro.it\/index.php\/servizi-al-lavoro-pb\/","title":{"rendered":"Servizi al lavoro"},"content":{"rendered":"<div id=\"pl-6144\"  class=\"panel-layout\" ><div id=\"pg-6144-0\"  class=\"panel-grid panel-no-style\" ><div id=\"pgc-6144-0-0\"  class=\"panel-grid-cell\" ><div id=\"panel-6144-0-0-0\" class=\"so-panel widget widget_sow-editor panel-first-child panel-last-child\" data-index=\"0\" ><div class=\"so-widget-sow-editor so-widget-sow-editor-base\">\n<div class=\"siteorigin-widget-tinymce textwidget\">\n\t<p style=\"text-align: justify;\"><em>Per prevenire e combattere il disagio e la devianza giovanile, promuovere una nuova qualit\u00e0 della vita, il Centro Orizzonte Lavoro si mette a disposizione dei giovani, specialmente di quelli pi\u00f9 svantaggiati, come un compagno di viaggio, in vista del loro inserimento nella societ\u00e0 e nel mondo del lavoro grazie ai seguenti servizi:<\/em><\/p>\n<p><span style=\"color: #ff6600;\"><strong>ACCOGLIENZA ED ASCOLTO<\/strong><\/span><\/p>\n<p style=\"text-align: justify;\">Il COL non \u00e8 uno \u201csportello\u201d, bens\u00ec un punto di riferimento in cui la persona \u00e8 accolta, ascoltata nei suoi bisogni e aiutata a prendere coscienza delle proprie potenzialit\u00e0, anche attraverso il bilancio delle competenze.<\/p>\n<p><span style=\"color: #ff6600;\"><strong>INFORMAZIONE<\/strong><\/span><\/p>\n<p>Con il dialogo, le bacheche, i post sui social si facilita:<\/p>\n<ul>\n<li style=\"text-align: justify;\">la conoscenza dei meccanismi di accesso al lavoro (abilit\u00e0 sociali di base, agenzie interinali, centri per l\u2019impiego, contratti di lavoro, formazione, anche <em>on the job<\/em>);<\/li>\n<li style=\"text-align: justify;\">la valorizzazione delle opportunit\u00e0 occupazionali presenti nel territorio, in relazione alle capacit\u00e0 della singola persona;<\/li>\n<li style=\"text-align: justify;\">la conoscenza delle componenti essenziali di un ruolo professionale (competenze, mansioni, livello di autonomia, problem solving, capacit\u00e0 di lavorare in team,\u2026).<\/li>\n<\/ul>\n<p><figure id=\"attachment_6145\" aria-describedby=\"caption-attachment-6145\" style=\"width: 450px\" class=\"wp-caption alignright\"><a href=\"http:\/\/www.centroorizzontelavoro.it\/wp-content\/uploads\/2019\/07\/12.-Segnalazionedi-opportunit\u00e0-lavorative-tagliare-la-parte-destra.png\"><img loading=\"lazy\" class=\"wp-image-6145 size-full\" src=\"http:\/\/www.centroorizzontelavoro.it\/wp-content\/uploads\/2019\/07\/12.-Segnalazionedi-opportunit\u00e0-lavorative-tagliare-la-parte-destra.png\" alt=\"Ricerca di lavoro\" width=\"450\" height=\"338\" srcset=\"http:\/\/www.centroorizzontelavoro.it\/wp-content\/uploads\/2019\/07\/12.-Segnalazionedi-opportunit\u00e0-lavorative-tagliare-la-parte-destra.png 450w, http:\/\/www.centroorizzontelavoro.it\/wp-content\/uploads\/2019\/07\/12.-Segnalazionedi-opportunit\u00e0-lavorative-tagliare-la-parte-destra-300x225.png 300w\" sizes=\"(max-width: 450px) 100vw, 450px\" \/><\/a><figcaption id=\"caption-attachment-6145\" class=\"wp-caption-text\">Aiutiamo le persone socialmente pi\u00f9 deboli a trovare un lavoro<\/figcaption><\/figure>\n<\/p>\n<p><span style=\"color: #ff6600;\"><strong>CENTRO DI DOCUMENTAZIONE CON ANNESSE BANCHE DATI\u00a0 <\/strong><\/span><\/p>\n<p style=\"text-align: justify;\">La ricerca e la raccolta di materiale documentario supporta tutte le attivit\u00e0. Pertanto, si fa ricerca, si archiviano dati e si aggiornano una biblioteca ed una emeroteca specializzate, aperte al pubblico.<\/p>\n<p><strong>\u00a0<\/strong><\/p>\n<p><span style=\"color: #ff6600;\"><strong>FORMAZIONE E ORIENTAMENTO SCOLASTICO-PROFESSIONALE<\/strong><\/span><\/p>\n<p>La cooperativa:<\/p>\n<ul>\n<li style=\"text-align: justify;\">accompagna il giovane nella costruzione di un progetto professionale di vita e nella valorizzazione del proprio potenziale;<\/li>\n<li style=\"text-align: justify;\">aiuta la persona ad acquisire una nuova cultura che consenta di rapportarsi correttamente con un mercato del lavoro sempre pi\u00f9 complesso e in continua evoluzione;<\/li>\n<li style=\"text-align: justify;\">organizza servizi di formazione in collaborazione con enti pubblici e privati;<\/li>\n<li>progetta e gestisce, quale ente accreditato, interventi di orientamento (gi\u00e0 incontrati oltre 12.500 giovani).<\/li>\n<\/ul>\n<p><strong>\u00a0<\/strong><strong>\u00a0<\/strong><\/p>\n<p><span style=\"color: #ff6600;\"><strong>NEWSLETTER SETTIMANALE SULLE OPPORTUNIT\u00c0 LAVORATIVE, STAGE E TIROCINI, BORSE DI STUDIO E CONCORSI<\/strong><\/span><\/p>\n<p style=\"text-align: justify;\">Mediante il contatto diretto con associazioni di categoria e imprese, la <a href=\"http:\/\/www.centroorizzontelavoro.it\/index.php\/newsletter-lavoro\/\">newsletter<\/a> promuove l\u2019incontro tra la domanda e l\u2019offerta di lavoro.<\/p>\n<p><a href=\"http:\/\/www.centroorizzontelavoro.it\/wp-content\/uploads\/2019\/07\/ricerca-del-lavoro.jpg\"><img loading=\"lazy\" class=\"aligncenter wp-image-6334 size-full\" src=\"http:\/\/www.centroorizzontelavoro.it\/wp-content\/uploads\/2019\/07\/ricerca-del-lavoro.jpg\" alt=\"\" width=\"744\" height=\"445\" srcset=\"http:\/\/www.centroorizzontelavoro.it\/wp-content\/uploads\/2019\/07\/ricerca-del-lavoro.jpg 744w, http:\/\/www.centroorizzontelavoro.it\/wp-content\/uploads\/2019\/07\/ricerca-del-lavoro-300x179.jpg 300w, http:\/\/www.centroorizzontelavoro.it\/wp-content\/uploads\/2019\/07\/ricerca-del-lavoro-600x359.jpg 600w\" sizes=\"(max-width: 744px) 100vw, 744px\" \/><\/a><\/p>\n<p><span style=\"color: #ff6600;\"><strong>SOSTEGNO ALL\u2019AUTOIMPRENDITORIALIT\u00c0<\/strong><\/span><\/p>\n<p style=\"text-align: justify;\">Consapevoli che il problema della disoccupazione non si risolve con una mera ricerca del lavoro, la cooperativa si pone a fianco del giovane perch\u00e9 si orienti verso attivit\u00e0 lavorative nuove o da riscoprire e diventi imprenditore di s\u00e9 stesso. Il Centro fornisce informazioni su opportunit\u00e0 e finanziamenti, studio di fattibilit\u00e0 e sostenibilit\u00e0 di un\u2019ideaimprenditoriale, redazione di un business plan, suggerimenti per non sciupare la propria opportunit\u00e0 e avere successo.<\/p>\n<p><a href=\"http:\/\/www.centroorizzontelavoro.it\/wp-content\/uploads\/2019\/07\/12.-Segnalazionedi-opportunit\u00e0-lavorative-tagliare-la-parte-destrasito.png\"><img loading=\"lazy\" class=\"wp-image-6146 size-full alignright\" src=\"http:\/\/www.centroorizzontelavoro.it\/wp-content\/uploads\/2019\/07\/12.-Segnalazionedi-opportunit\u00e0-lavorative-tagliare-la-parte-destrasito.png\" alt=\"Corsi di formazione e specializzazione\" width=\"500\" height=\"333\" srcset=\"http:\/\/www.centroorizzontelavoro.it\/wp-content\/uploads\/2019\/07\/12.-Segnalazionedi-opportunit\u00e0-lavorative-tagliare-la-parte-destrasito.png 500w, http:\/\/www.centroorizzontelavoro.it\/wp-content\/uploads\/2019\/07\/12.-Segnalazionedi-opportunit\u00e0-lavorative-tagliare-la-parte-destrasito-300x200.png 300w, http:\/\/www.centroorizzontelavoro.it\/wp-content\/uploads\/2019\/07\/12.-Segnalazionedi-opportunit\u00e0-lavorative-tagliare-la-parte-destrasito-272x182.png 272w\" sizes=\"(max-width: 500px) 100vw, 500px\" \/><\/a><\/p>\n<p><span style=\"color: #ff6600;\"><strong>CORSI DI FORMAZIONE<\/strong><\/span><\/p>\n<p style=\"text-align: justify;\">Il Centro realizza corsi per chi \u00e8 in cerca di lavoro (Corso sulla Ricerca attiva ed efficace del lavoro) e per chi accompagna i giovani verso il lavoro (Corso per tutor dell\u2019orientamento e inserimento lavorativo).<\/p>\n<p><span style=\"color: #ff6600;\"><strong>CURRICULUM VITAE<\/strong><\/span><\/p>\n<p style=\"text-align: justify;\">Aiuto nella redazione di un curriculum vitae che presenti in maniera chiara ed efficace competenze e qualifiche di ognuno.<\/p>\n<p><span style=\"color: #ff6600;\"><strong>PROMOZIONE DELL\u2019IDEA E DELLA PRATICA COOPERATIVA<\/strong><\/span><\/p>\n<p style=\"text-align: justify;\">\u00c8 obiettivo del Centro Orizzonte Lavoro far percepire la dimensione sociale e solidale del lavoro.<br \/>\nA tal fine si sostiene la nascita e di start up e nuove cooperative sociali.<\/p>\n<p><a href=\"http:\/\/www.centroorizzontelavoro.it\/wp-content\/uploads\/2019\/07\/Startup_Finanzia-la-tua-impresa.jpg\"><img loading=\"lazy\" class=\"aligncenter wp-image-6335 size-full\" src=\"http:\/\/www.centroorizzontelavoro.it\/wp-content\/uploads\/2019\/07\/Startup_Finanzia-la-tua-impresa.jpg\" alt=\"\" width=\"960\" height=\"350\" srcset=\"http:\/\/www.centroorizzontelavoro.it\/wp-content\/uploads\/2019\/07\/Startup_Finanzia-la-tua-impresa.jpg 960w, http:\/\/www.centroorizzontelavoro.it\/wp-content\/uploads\/2019\/07\/Startup_Finanzia-la-tua-impresa-300x109.jpg 300w, http:\/\/www.centroorizzontelavoro.it\/wp-content\/uploads\/2019\/07\/Startup_Finanzia-la-tua-impresa-768x280.jpg 768w, http:\/\/www.centroorizzontelavoro.it\/wp-content\/uploads\/2019\/07\/Startup_Finanzia-la-tua-impresa-600x219.jpg 600w\" sizes=\"(max-width: 960px) 100vw, 960px\" \/><\/a><\/p>\n<p><span style=\"color: #ff6600;\"><strong>SERVIZIO DI ITINERANZA<\/strong><\/span><\/p>\n<p style=\"text-align: justify;\">Convinti che la larga fascia del mondo giovanile ha bisogno di essere raggiunto nei loro naturali luoghi di riferimento (circoli, gruppi giovanili, scuole, comunit\u00e0, ecc.), la cooperativa si rende disponibile a prestare i propri servizi anche altrove, oltre che in sede.<\/p>\n<\/div>\n<\/div><\/div><\/div><\/div><\/div>","protected":false},"excerpt":{"rendered":"<p>Per prevenire e combattere il disagio e la devianza giovanile, promuovere una nuova qualit\u00e0 della vita, il Centro Orizzonte Lavoro si mette a disposizione dei giovani, specialmente di quelli pi\u00f9 svantaggiati, come un compagno di viaggio, in vista del loro inserimento nella societ\u00e0 e nel mondo del lavoro grazie ai [&hellip;]<\/p>\n","protected":false},"author":1,"featured_media":0,"parent":0,"menu_order":0,"comment_status":"closed","ping_status":"closed","template":"","meta":{"_monsterinsights_skip_tracking":false,"_monsterinsights_sitenote_active":false,"_monsterinsights_sitenote_note":"","_monsterinsights_sitenote_category":0},"_links":{"self":[{"href":"http:\/\/www.centroorizzontelavoro.it\/index.php\/wp-json\/wp\/v2\/pages\/6144"}],"collection":[{"href":"http:\/\/www.centroorizzontelavoro.it\/index.php\/wp-json\/wp\/v2\/pages"}],"about":[{"href":"http:\/\/www.centroorizzontelavoro.it\/index.php\/wp-json\/wp\/v2\/types\/page"}],"author":[{"embeddable":true,"href":"http:\/\/www.centroorizzontelavoro.it\/index.php\/wp-json\/wp\/v2\/users\/1"}],"replies":[{"embeddable":true,"href":"http:\/\/www.centroorizzontelavoro.it\/index.php\/wp-json\/wp\/v2\/comments?post=6144"}],"version-history":[{"count":21,"href":"http:\/\/www.centroorizzontelavoro.it\/index.php\/wp-json\/wp\/v2\/pages\/6144\/revisions"}],"predecessor-version":[{"id":7807,"href":"http:\/\/www.centroorizzontelavoro.it\/index.php\/wp-json\/wp\/v2\/pages\/6144\/revisions\/7807"}],"wp:attachment":[{"href":"http:\/\/www.centroorizzontelavoro.it\/index.php\/wp-json\/wp\/v2\/media?parent=6144"}],"curies":[{"name":"wp","href":"https:\/\/api.w.org\/{rel}","templated":true}]}}