{"id":6122,"date":"2019-07-04T17:37:39","date_gmt":"2019-07-04T15:37:39","guid":{"rendered":"http:\/\/www.centroorizzontelavoro.it\/?page_id=6122"},"modified":"2020-02-18T19:10:49","modified_gmt":"2020-02-18T18:10:49","slug":"dicono-di-noi-pb","status":"publish","type":"page","link":"http:\/\/www.centroorizzontelavoro.it\/index.php\/dicono-di-noi-pb\/","title":{"rendered":"Dicono di noi"},"content":{"rendered":"<div id=\"pl-6122\"  class=\"panel-layout\" ><div id=\"pg-6122-0\"  class=\"panel-grid panel-no-style\" ><div id=\"pgc-6122-0-0\"  class=\"panel-grid-cell\" ><div id=\"panel-6122-0-0-0\" class=\"so-panel widget widget_heading panel-first-child\" data-index=\"0\" ><div class=\"panel-widget-style panel-widget-style-for-6122-0-0-0\" ><div class=\"thim-widget-heading thim-widget-heading-base template-base\"><div class=\"thim-heading text-center \"><div class=\"sc-heading article_heading \" style=\"padding: 10px;\"><h3 style=\"color:#000000;\" class=\"heading__primary\"><span><\/span><span>DICONO DI NOI<\/span><span><\/span><\/h3><\/div><\/div><\/div><\/div><\/div><div id=\"panel-6122-0-0-1\" class=\"so-panel widget widget_sow-editor\" data-index=\"1\" ><div class=\"so-widget-sow-editor so-widget-sow-editor-base\">\n<div class=\"siteorigin-widget-tinymce textwidget\">\n\t<p>&nbsp;<\/p>\n<ul>\n<li style=\"text-align: justify;\">\u201cAuguri a Don Enzo e a tutti voi per il 30\u00b0 compleanno del Centro Orizzonte Lavoro. Vi seguo sempre e, tramite l'attivit\u00e0 nel Patronato-CAF, continuo anch\u2019io la mia opera di accoglienza e informazione che rivolgo aii soggetti pi\u00f9 deboli in cerca di lavoro, come ho imparato in cooperativa, consapevole che \u00e8 dovere di tutti svolgere al meglio la propria funzione sociale. Sempre grato. \u201d. <em>Saro F.\u00a0<\/em><\/li>\n<li style=\"text-align: justify;\">\u201cSono Anna Maria L., docente universitaria. Nel mio lungo percorso di inserimento professionale ho avuto il piacere di conoscere dall\u2019interno l\u2019operato del Centro Orizzonte Lavoro e di apprezzarlo. In questi anni ho \u201csmistato\u201d la newsletter informativa ai molti contatti che ho collezionato grazie al mio lavoro pubblico, ricevendo anche i ringraziamenti per l\u2019opportunit\u00e0 di lavoro andata a buon fine. Vi auguro una buona giornata e un buon lavoro.\u201d <em>\u00a0Anna Maria L.<\/em><\/li>\n<li style=\"text-align: justify;\">\u201cVolevo dirvi che, grazie ad uno dei vostri annunci, sono riuscito a trovare un buon lavoro come falegname ad uno dei miei utenti, ex tossicodipendente. Saluti.\u201d <em>Pino F.<\/em><\/li>\n<li style=\"text-align: justify;\">\u201cGrazie per il servizio informativo da voi svolto\u201d. <em>Angela Maria V.<\/em><\/li>\n<li style=\"text-align: justify;\">\u201cBuongiorno. Vorrei innanzitutto complimentarmi per lo splendido lavoro che svolgete, vi seguo da tempo e vi meritate ogni lode: grazie! Inviatemi, per favore,il modulo di partecipazione all'incontro sui finanziamenti di Resto al Sud e Selfiemployment. Un caro saluto\u201d <em>Raffaele B.<\/em><\/li>\n<li style=\"text-align: justify;\">\u201cSono passati un po\u2019 di anni da quando ho svolto il servizio civile alCentro Orizzonte Lavoro. Don Enzo, oggi voglio dirle grazie perch\u00e9 ha creduto in me. Grazie perch\u00e9 con il suo fare ha sempre posto al primo piano i pi\u00f9 deboli, educandoci al rispetto della diversit\u00e0. Grazie perch\u00e9 mi ha offerto l\u2019opportunit\u00e0 di mettermi alla prova come insegnante al CNOS-FAP di via Teatro Greco, facendomi innamorare di un lavoro difficile ma meraviglioso. Oggi sono un\u2019insegnante di sostegno, impegnata per promuovere l\u2019autonomia e la crescita dei ragazzi pi\u00f9 deboli e il merito \u00e8 anche un po\u2019 suo: ha favorito in me la consapevolezza che non esiste nulla di pi\u00f9 bello che essere di aiuto per gli altri. Un affettuoso saluto.\u201d <em>Letizia S.<\/em><\/li>\n<li>\u201cVolevo ringraziare tutto lo staff di Centro Orizzonte Lavoro per l\u2019impegno che mette in un progetto che aiuta molti ragazzi bisognosi di lavoro, proprio come me che, grazie ad un annuncio lavorativo pubblicato sulla vostra newsletter, ho trovato la mia occupazione. Grazie e continuate cos\u00ec.\u201d <em>Federico V.<\/em><\/li>\n<li>\u201cSalve. Prima di tutto vi ringrazio tantissimo per il lavoro che svolgete! Approfitto della vostra gentilezza per chiedervi un'informazione. A breve mi trasferir\u00f2 in Veneto (provincia di Venezia): sapete se per caso anche l\u00ec offrono un servizio come il vostro per la ricerca di lavoro? A chi mi posso rivolgere? Grazie mille.\u201d <em>Maria G.<\/em><\/li>\n<li>\u201cComplimenti vivissimi caro Don Enzo e auguri di ogni bene a chi lavora con tanto amore nella vigna del Signore.\u201d <em>Francesco Z.<\/em><\/li>\n<li>\u201cVi comunico che ho finalmente trovato un lavoro sicuro e ben retribuito. Grazie per l\u2019aiuto che mi avete dato. Cordiali saluti.\u201d<em>\u00a0Paola C.<\/em><\/li>\n<li>\u201cSignori, sono una giovane palermitana che, da quando ha fatto il servizio civile al Ranchibile, riceve settimanalmente le Vostre mail con le offerte di lavoro. Trovo che svolgiate un servizio molto utile e per questo le ho sempre inoltrate ai miei conoscenti. Vi informo che grazie a voi, tra un paio di giorni un mio amico firmer\u00e0 un contratto! Da qui l'idea di inviarVi il mio Curriculum Vitae, nella speranza che possiate contribuire nella ricerca di un mio \"posto nel mondo\" sia presso di Voi che altrove, ovunque vi sia necessit\u00e0 e seriet\u00e0 nell'intraprendere un rapporto di lavoro\u201d <em>Simona S.\u00a0<\/em><\/li>\n<li>\u201cBuongiorno. Ci siete stati da poco segnalati dall'Universit\u00e0 di Catania e abbiamo trovato e inviato il CV a due organizzazioni indicati nella vostra ultima newsletter, che ricercavano esperti di lingua inglese e francese. Potreste gentilmente fare arrivare a me e mia sorella la newsletter settimanale \u00a0per essere aggiornate di settimana in settimana sulle opportunit\u00e0 lavorative esistenti? Grazie\u201d <em>Francesca e Giovanna M.<\/em><\/li>\n<li>\u201cGrazie per il bellissimo servizio che svolgete, siete un punto di riferimento sul territorio. \u201d<em> Pietro C.<\/em><\/li>\n<li>\u201cVolevo ringraziare lei e tutto lo staff del Centro Orizzonte Lavoro per l\u2019impegno che mettete in questo progetto valido che aiuta molti ragazzi bisognosi di lavoro, proprio come me che grazie ad un annuncio lavorativo pubblicato sulla vostra newsletter, l\u2019ho potuto trovare. Grazie e continuate cos\u00ec\u201d <em>Federico V.<\/em><\/li>\n<li>\u201cVi scrivo per congratularmi per il vostro utilissimo operato nel sociale, stupefatta del supporto che fornite alle persone senza lavoro e, in particolare, al reinserimento socio-lavorativo dei soggetti sottoposti a provvedimenti dell'autorit\u00e0 giudiziaria. Sto per laurearmi in legge e mi piacerebbe potermi impegnare in una cooperativa come la vostra. Andate sempre avanti.\u201d <em>Federica G.<\/em><\/li>\n<\/ul>\n<p><a href=\"http:\/\/www.centroorizzontelavoro.it\/wp-content\/uploads\/2019\/07\/welfare_condiviso_rit-1024x481.jpg\"><img loading=\"lazy\" class=\"aligncenter wp-image-6139\" src=\"http:\/\/www.centroorizzontelavoro.it\/wp-content\/uploads\/2019\/07\/welfare_condiviso_rit-1024x481.jpg\" alt=\"\" width=\"803\" height=\"377\" srcset=\"http:\/\/www.centroorizzontelavoro.it\/wp-content\/uploads\/2019\/07\/welfare_condiviso_rit-1024x481.jpg 1024w, http:\/\/www.centroorizzontelavoro.it\/wp-content\/uploads\/2019\/07\/welfare_condiviso_rit-1024x481-300x141.jpg 300w, http:\/\/www.centroorizzontelavoro.it\/wp-content\/uploads\/2019\/07\/welfare_condiviso_rit-1024x481-768x361.jpg 768w, http:\/\/www.centroorizzontelavoro.it\/wp-content\/uploads\/2019\/07\/welfare_condiviso_rit-1024x481-600x282.jpg 600w\" sizes=\"(max-width: 803px) 100vw, 803px\" \/><\/a><\/p>\n<p>&nbsp;<\/p>\n<\/div>\n<\/div><\/div><div id=\"panel-6122-0-0-2\" class=\"so-panel widget widget_heading\" data-index=\"2\" ><div class=\"panel-widget-style panel-widget-style-for-6122-0-0-2\" ><div class=\"thim-widget-heading thim-widget-heading-base template-base\"><div class=\"thim-heading text-center \"><div class=\"sc-heading article_heading \" style=\"padding: 10px;\"><h3 class=\"heading__primary\"><span><\/span><span>TESTIMONIANZE<\/span><span><\/span><\/h3><\/div><\/div><\/div><\/div><\/div><div id=\"panel-6122-0-0-3\" class=\"so-panel widget widget_sow-editor\" data-index=\"3\" ><div class=\"so-widget-sow-editor so-widget-sow-editor-base\">\n<div class=\"siteorigin-widget-tinymce textwidget\">\n\t<p style=\"text-align: justify;\">Ecco alcune testimonianze di persone a rischio di emarginazione che il Centro Orizzonte Lavoro ha accompagnato verso l\u2019inserimento socio-lavorativo, mediante lo strumento delle <em>Borse Lavoro<\/em>.<\/p>\n<ul>\n<li style=\"text-align: justify;\"><em>\u201c <\/em><em>\u00abCorriere espresso<\/em><em>\u00bb, potrei definire cos\u00ec il mio attuale lavoro\u201d, spiega Giacomo che ha svolto la sua esperienza grazie ad una borsa Lavoro presso la Cooperativa.<strong>\u201c<\/strong>Quando ho iniziato quest\u2019esperienza e mi \u00e8 stata spiegata esattamente la mia mansione, ho pensato che si trattasse di un lavoro molto semplice: consegnare lettere, pacchi postali, merce, documenti, colli (tutta posta urgente da recapitare a grosse aziende, banche, notai di Catania e provincia). <u>I<\/u>n realt\u00e0 ho capito presto che si trattava di una attivit\u00e0 utile e non banale. Anzi, richiede una grande responsabilit\u00e0, perch\u00e9 bisogna dimostrare sempre educazione, cortesia e professionalit\u00e0 con i clienti. Cos\u00ec, sto imparando ad assumere ogni giorno un comportamento corretto e rispettoso verso gli altri, con il desiderio di dare e ricevere ogni giorno fiducia. Credo che, chi come me intraprende un\u2019esperienza in borsa lavoro, abbia bisogno di crescere molto nell\u2019autostima e di ricevere tanta fiducia dagli altri. Io, con questa esperienza, mi sento rinato: il lavoro mi ha restituito la dignit\u00e0 e il coraggio di iniziare una nuova vita\u201d.<\/em><\/li>\n<\/ul>\n<p><em>\u00a0<\/em><\/p>\n<ul>\n<li style=\"text-align: justify;\"><em>\u201cAppena uscito dal carcere sono stato aiutato dal Centro Orizzonte Lavoro di Catania, <\/em>racconta Mario (borsista residente a Librino, enorme periferia della citt\u00e0) <em>e da quattro mesi svolgo la mia attivit\u00e0 con una borsa lavoro presso un\u2019azienda che opera nel settore dello smaltimento e del riciclaggio dei rifiuti. Io, in particolare, mi occupo dello smontaggio di vecchie apparecchiature elettroniche, della raccolta di rifiuti ingombranti e dello smaltimento di elettrodomestici. Quando ho accettato di iniziare questa esperienza non avevo assolutamente niente, nemmeno dove dormire, solo il desiderio di ricominciare davvero da zero. Per questo motivo, ho colto subito questa opportunit\u00e0 ed \u00e8 stato importante ricevere le giuste informazioni su un\u2019attivit\u00e0, quella della borsa, che non conoscevo completamente. Adesso c\u2019\u00e8 tanta voglia di continuare ad avere un lavoro fisso, onesto e serio, in un ambiente in cui mi sono integrato bene. Insomma, mi piacerebbe restare proprio in quest\u2019azienda anche dopo la conclusione della borsa, che, purtroppo, \u00e8 di soli sei mesi e invece meriterebbe di essere prolungata\u201d. Riferendosi ai numerosi giovani del suo quartiere, Mario aggiunge: \u201cVivere in maniera legale a Librino \u00e8 veramente difficile. Lavoro non se ne trova, specialmente per chi abita l\u00ec. E intanto c\u2019\u00e8 una famiglia da mantenere: come si deve fare? Credo che sia importante capire il valore di in lavoro onesto, anche se a volte si guadagna poco rispetto ad altri lavoretti e comporta fatica e sacrificio. Ma non c\u2019\u00e8 dubbio che un lavoro onesto ti fa realizzare qualcosa di pi\u00f9 dignitoso, gratificante e socialmente significativo, rispetto all\u2019ozio e allo spaccio, che porta solo al carcere, quando va bene\u201d. Mentre raccontava la sua esperienza Mario, non lo sapeva ancora: conclusa la borsa, \u00e8 stato assunto dall\u2019azienda che lo aveva accolto.<\/em><\/li>\n<\/ul>\n<p><em>\u00a0<\/em><\/p>\n<ul>\n<li style=\"text-align: justify;\"><em>\u201cParlo a nome mio, ma anche dei miei dieci compagni, perch\u00e9 le nostre storie sono simili. Dopo i problemi con la giustizia, che mi hanno tenuto lontano dagli affetti familiari e dai miei figli, mi si \u00e8 presentata l\u2019occasione di fare questa esperienza della borsa lavoro e attraverso questa ho preso l\u2019impegno di cambiare vita cercando di mettermi nella condizione di non ripetere gli errori commessi. Io non voglio pi\u00f9 essere etichettato, emarginato e scippato della mia dignit\u00e0. L\u2019esperienza della borsa mi ha dato la possibilit\u00e0 di farmi valere in ambito lavorativo e di apprendere un lavoro, ma soprattutto mi ha offerto la possibilit\u00e0 di mostrare a chi mi sta intorno le mie buone qualit\u00e0. Questa esperienza mi ha cos\u00ec appassionato che ho sperato che nella ditta in cui ho prestato la mia opera ci fosse spazio anche per me, una volta terminato il periodo in borsa, come \u00e8 stato per un mio collega. Purtroppo non \u00e8 stato cos\u00ec. <a href=\"http:\/\/www.centroorizzontelavoro.it\/wp-content\/uploads\/2019\/07\/4.-Spin-off-per-linserimento-lavorativo-delle-fasce-deboli-la-coop.-don-BoscoMR.jpg\"><img loading=\"lazy\" class=\"alignright wp-image-6322 size-medium\" src=\"http:\/\/www.centroorizzontelavoro.it\/wp-content\/uploads\/2019\/07\/4.-Spin-off-per-linserimento-lavorativo-delle-fasce-deboli-la-coop.-don-BoscoMR-300x200.jpg\" alt=\"\" width=\"300\" height=\"200\" srcset=\"http:\/\/www.centroorizzontelavoro.it\/wp-content\/uploads\/2019\/07\/4.-Spin-off-per-linserimento-lavorativo-delle-fasce-deboli-la-coop.-don-BoscoMR-300x200.jpg 300w, http:\/\/www.centroorizzontelavoro.it\/wp-content\/uploads\/2019\/07\/4.-Spin-off-per-linserimento-lavorativo-delle-fasce-deboli-la-coop.-don-BoscoMR-768x512.jpg 768w, http:\/\/www.centroorizzontelavoro.it\/wp-content\/uploads\/2019\/07\/4.-Spin-off-per-linserimento-lavorativo-delle-fasce-deboli-la-coop.-don-BoscoMR.jpg 1024w, http:\/\/www.centroorizzontelavoro.it\/wp-content\/uploads\/2019\/07\/4.-Spin-off-per-linserimento-lavorativo-delle-fasce-deboli-la-coop.-don-BoscoMR-600x400.jpg 600w, http:\/\/www.centroorizzontelavoro.it\/wp-content\/uploads\/2019\/07\/4.-Spin-off-per-linserimento-lavorativo-delle-fasce-deboli-la-coop.-don-BoscoMR-272x182.jpg 272w\" sizes=\"(max-width: 300px) 100vw, 300px\" \/><\/a>Ma sono ottimista e spero in una eventuale chiamata nei prossimi mesi. Durante gli incontri di formazione tenuti nei sei mesi di borsa ho capito una cosa, che devo mettere in pratica: il lavoro non arriva dall\u2019alto. Bisogna darsi da fare passando parola, facendosi conoscere, pubblicando annunci gratuiti sul Mercatino e su La Sicilia Annunci, spedire il mio curriculum e andare dalle Agenzie interinali. Comunque, adesso mi sento meno emarginato e non pi\u00f9 con le gambe tagliate. Ho preso coscienza delle mie possibilit\u00e0 lavorative e non ho timore per il futuro. La volont\u00e0 non mi manca e in un modo o nell\u2019altro, onestamente, posso farcela. Ho compreso quanto importante sia il lavoro e che per entrare nel mondo del lavoro devo liberarmi da qualsiasi tentazione di facili guadagni, perch\u00e9 il lavoro \u00e8 importante e i soldi facili portano guai. Perci\u00f2 voglio tirar fuori il meglio di me stesso. A chi mi ha seguito in questo percorso, agli operatori del Centro Orizzonte Lavoro, voglio dire il mio grazie di cuore per l\u2019opportunit\u00e0 e la fiducia che mi hanno dato, ed esprimere la mia gratitudine, perch\u00e9 con il loro aiuto ho scoperto una parte di me che non conoscevo\u201d.<\/em><\/li>\n<\/ul>\n<\/div>\n<\/div><\/div><div id=\"panel-6122-0-0-4\" class=\"so-panel widget widget_heading\" data-index=\"4\" ><div class=\"panel-widget-style panel-widget-style-for-6122-0-0-4\" ><div class=\"thim-widget-heading thim-widget-heading-base template-base\"><div class=\"thim-heading text-center \"><div class=\"sc-heading article_heading \" style=\"padding: 10px;\"><h3 class=\"heading__primary\"><span><\/span><span>RASSEGNA STAMPA<\/span><span><\/span><\/h3><\/div><\/div><\/div><\/div><\/div><div id=\"panel-6122-0-0-5\" class=\"so-panel widget widget_sow-editor panel-last-child\" data-index=\"5\" ><div class=\"so-widget-sow-editor so-widget-sow-editor-base\">\n<div class=\"siteorigin-widget-tinymce textwidget\">\n\t<ol>\n<li><a href=\"http:\/\/www.notedipastoralegiovanile.it\/index.php?option=com_content&amp;view=article&amp;id=3860:catania-centro-orizzonte-lavoro&amp;catid=311:npg-annata-1998&amp;Itemid=207\" target=\"_blank\" rel=\"noopener\">http:\/\/www.notedipastoralegiovanile.it\/index.php?option=com_content&amp;view=article&amp;id=3860:catania-centro-orizzonte-lavoro&amp;catid=311:npg-annata-1998&amp;Itemid=207<\/a><\/li>\n<li><a href=\"http:\/\/www.notedipastoralegiovanile.it\/index.php?option=com_content&amp;view=article&amp;id=4423:lavoro-e-fasce-deboli-lesperienza-del-centro-orizzonte-lavoro&amp;catid=95:npg-annata-2000&amp;Itemid=207\" target=\"_blank\" rel=\"noopener\">http:\/\/www.notedipastoralegiovanile.it\/index.php?option=com_content&amp;view=article&amp;id=4423:lavoro-e-fasce-deboli-lesperienza-del-centro-orizzonte-lavoro&amp;catid=95:npg-annata-2000&amp;Itemid=207<\/a><\/li>\n<li><a href=\"http:\/\/www.vdj.it\/recensione-del-libro-a-cura-del-centro-orizzonte-lavoro-sul-reinserimento-dei-detenuti-attraverso-il-lavoro\/\" target=\"_blank\" rel=\"noopener\">http:\/\/www.vdj.it\/recensione-del-libro-a-cura-del-centro-orizzonte-lavoro-sul-reinserimento-dei-detenuti-attraverso-il-lavoro\/<\/a><\/li>\n<\/ol>\n<\/div>\n<\/div><\/div><\/div><\/div><\/div>","protected":false},"excerpt":{"rendered":"<p>&nbsp; \u201cAuguri a Don Enzo e a tutti voi per il 30\u00b0 compleanno del Centro Orizzonte Lavoro. Vi seguo sempre e, tramite l&#8217;attivit\u00e0 nel Patronato-CAF, continuo anch\u2019io la mia opera di accoglienza e informazione che rivolgo aii soggetti pi\u00f9 deboli in cerca di lavoro, come ho imparato in cooperativa, consapevole [&hellip;]<\/p>\n","protected":false},"author":1,"featured_media":0,"parent":0,"menu_order":0,"comment_status":"closed","ping_status":"closed","template":"","meta":{"_monsterinsights_skip_tracking":false,"_monsterinsights_sitenote_active":false,"_monsterinsights_sitenote_note":"","_monsterinsights_sitenote_category":0},"_links":{"self":[{"href":"http:\/\/www.centroorizzontelavoro.it\/index.php\/wp-json\/wp\/v2\/pages\/6122"}],"collection":[{"href":"http:\/\/www.centroorizzontelavoro.it\/index.php\/wp-json\/wp\/v2\/pages"}],"about":[{"href":"http:\/\/www.centroorizzontelavoro.it\/index.php\/wp-json\/wp\/v2\/types\/page"}],"author":[{"embeddable":true,"href":"http:\/\/www.centroorizzontelavoro.it\/index.php\/wp-json\/wp\/v2\/users\/1"}],"replies":[{"embeddable":true,"href":"http:\/\/www.centroorizzontelavoro.it\/index.php\/wp-json\/wp\/v2\/comments?post=6122"}],"version-history":[{"count":34,"href":"http:\/\/www.centroorizzontelavoro.it\/index.php\/wp-json\/wp\/v2\/pages\/6122\/revisions"}],"predecessor-version":[{"id":10387,"href":"http:\/\/www.centroorizzontelavoro.it\/index.php\/wp-json\/wp\/v2\/pages\/6122\/revisions\/10387"}],"wp:attachment":[{"href":"http:\/\/www.centroorizzontelavoro.it\/index.php\/wp-json\/wp\/v2\/media?parent=6122"}],"curies":[{"name":"wp","href":"https:\/\/api.w.org\/{rel}","templated":true}]}}