{"id":12374,"date":"2020-11-16T09:52:55","date_gmt":"2020-11-16T08:52:55","guid":{"rendered":"http:\/\/www.centroorizzontelavoro.it\/?page_id=12374"},"modified":"2020-12-29T16:33:55","modified_gmt":"2020-12-29T15:33:55","slug":"eventi","status":"publish","type":"page","link":"http:\/\/www.centroorizzontelavoro.it\/index.php\/eventi\/","title":{"rendered":"Eventi e Opportunit\u00e0"},"content":{"rendered":"<div id=\"pl-12374\"  class=\"panel-layout\" ><div id=\"pg-12374-0\"  class=\"panel-grid panel-no-style\" ><div id=\"pgc-12374-0-0\"  class=\"panel-grid-cell\" ><div id=\"panel-12374-0-0-0\" class=\"so-panel widget widget_media_gallery panel-first-child panel-last-child\" data-index=\"0\" ><div id='gallery-2' class='gallery galleryid-12374 gallery-columns-3 gallery-size-large'><figure class='gallery-item'>\n\t\t\t<div class='gallery-icon landscape'>\n\t\t\t\t<a href='http:\/\/www.centroorizzontelavoro.it\/wp-content\/uploads\/2020\/11\/1-6.png'><img width=\"640\" height=\"640\" src=\"http:\/\/www.centroorizzontelavoro.it\/wp-content\/uploads\/2020\/11\/1-6-1024x1024.png\" class=\"attachment-large size-large\" alt=\"\" loading=\"lazy\" aria-describedby=\"gallery-2-12523\" srcset=\"http:\/\/www.centroorizzontelavoro.it\/wp-content\/uploads\/2020\/11\/1-6-1024x1024.png 1024w, http:\/\/www.centroorizzontelavoro.it\/wp-content\/uploads\/2020\/11\/1-6-300x300.png 300w, http:\/\/www.centroorizzontelavoro.it\/wp-content\/uploads\/2020\/11\/1-6-150x150.png 150w, http:\/\/www.centroorizzontelavoro.it\/wp-content\/uploads\/2020\/11\/1-6-768x768.png 768w, http:\/\/www.centroorizzontelavoro.it\/wp-content\/uploads\/2020\/11\/1-6-500x500.png 500w, http:\/\/www.centroorizzontelavoro.it\/wp-content\/uploads\/2020\/11\/1-6-400x400.png 400w, http:\/\/www.centroorizzontelavoro.it\/wp-content\/uploads\/2020\/11\/1-6-600x600.png 600w, http:\/\/www.centroorizzontelavoro.it\/wp-content\/uploads\/2020\/11\/1-6-100x100.png 100w, http:\/\/www.centroorizzontelavoro.it\/wp-content\/uploads\/2020\/11\/1-6.png 1080w\" sizes=\"(max-width: 640px) 100vw, 640px\" \/><\/a>\n\t\t\t<\/div>\n\t\t\t\t<figcaption class='wp-caption-text gallery-caption' id='gallery-2-12523'>\n\t\t\t\tJob &#038; Orienta\n\t\t\t\t<\/figcaption><\/figure><figure class='gallery-item'>\n\t\t\t<div class='gallery-icon landscape'>\n\t\t\t\t<a href='http:\/\/www.centroorizzontelavoro.it\/wp-content\/uploads\/2020\/11\/2-6.png'><img width=\"640\" height=\"640\" src=\"http:\/\/www.centroorizzontelavoro.it\/wp-content\/uploads\/2020\/11\/2-6-1024x1024.png\" class=\"attachment-large size-large\" alt=\"\" loading=\"lazy\" aria-describedby=\"gallery-2-12524\" srcset=\"http:\/\/www.centroorizzontelavoro.it\/wp-content\/uploads\/2020\/11\/2-6-1024x1024.png 1024w, http:\/\/www.centroorizzontelavoro.it\/wp-content\/uploads\/2020\/11\/2-6-300x300.png 300w, http:\/\/www.centroorizzontelavoro.it\/wp-content\/uploads\/2020\/11\/2-6-150x150.png 150w, http:\/\/www.centroorizzontelavoro.it\/wp-content\/uploads\/2020\/11\/2-6-768x768.png 768w, http:\/\/www.centroorizzontelavoro.it\/wp-content\/uploads\/2020\/11\/2-6-500x500.png 500w, http:\/\/www.centroorizzontelavoro.it\/wp-content\/uploads\/2020\/11\/2-6-400x400.png 400w, http:\/\/www.centroorizzontelavoro.it\/wp-content\/uploads\/2020\/11\/2-6-600x600.png 600w, http:\/\/www.centroorizzontelavoro.it\/wp-content\/uploads\/2020\/11\/2-6-100x100.png 100w, http:\/\/www.centroorizzontelavoro.it\/wp-content\/uploads\/2020\/11\/2-6.png 1080w\" sizes=\"(max-width: 640px) 100vw, 640px\" \/><\/a>\n\t\t\t<\/div>\n\t\t\t\t<figcaption class='wp-caption-text gallery-caption' id='gallery-2-12524'>\n\t\t\t\tResto al Sud\n\t\t\t\t<\/figcaption><\/figure><figure class='gallery-item'>\n\t\t\t<div class='gallery-icon landscape'>\n\t\t\t\t<a href='http:\/\/www.centroorizzontelavoro.it\/wp-content\/uploads\/2020\/11\/3-6.png'><img width=\"640\" height=\"640\" src=\"http:\/\/www.centroorizzontelavoro.it\/wp-content\/uploads\/2020\/11\/3-6-1024x1024.png\" class=\"attachment-large size-large\" alt=\"\" loading=\"lazy\" aria-describedby=\"gallery-2-12525\" srcset=\"http:\/\/www.centroorizzontelavoro.it\/wp-content\/uploads\/2020\/11\/3-6-1024x1024.png 1024w, http:\/\/www.centroorizzontelavoro.it\/wp-content\/uploads\/2020\/11\/3-6-300x300.png 300w, http:\/\/www.centroorizzontelavoro.it\/wp-content\/uploads\/2020\/11\/3-6-150x150.png 150w, http:\/\/www.centroorizzontelavoro.it\/wp-content\/uploads\/2020\/11\/3-6-768x768.png 768w, http:\/\/www.centroorizzontelavoro.it\/wp-content\/uploads\/2020\/11\/3-6-500x500.png 500w, http:\/\/www.centroorizzontelavoro.it\/wp-content\/uploads\/2020\/11\/3-6-400x400.png 400w, http:\/\/www.centroorizzontelavoro.it\/wp-content\/uploads\/2020\/11\/3-6-600x600.png 600w, http:\/\/www.centroorizzontelavoro.it\/wp-content\/uploads\/2020\/11\/3-6-100x100.png 100w, http:\/\/www.centroorizzontelavoro.it\/wp-content\/uploads\/2020\/11\/3-6.png 1080w\" sizes=\"(max-width: 640px) 100vw, 640px\" \/><\/a>\n\t\t\t<\/div>\n\t\t\t\t<figcaption class='wp-caption-text gallery-caption' id='gallery-2-12525'>\n\t\t\t\tCultura Crea\n\t\t\t\t<\/figcaption><\/figure><figure class='gallery-item'>\n\t\t\t<div class='gallery-icon landscape'>\n\t\t\t\t<a href='http:\/\/www.centroorizzontelavoro.it\/wp-content\/uploads\/2020\/11\/4-6.png'><img width=\"640\" height=\"640\" src=\"http:\/\/www.centroorizzontelavoro.it\/wp-content\/uploads\/2020\/11\/4-6-1024x1024.png\" class=\"attachment-large size-large\" alt=\"\" loading=\"lazy\" aria-describedby=\"gallery-2-12526\" srcset=\"http:\/\/www.centroorizzontelavoro.it\/wp-content\/uploads\/2020\/11\/4-6-1024x1024.png 1024w, http:\/\/www.centroorizzontelavoro.it\/wp-content\/uploads\/2020\/11\/4-6-300x300.png 300w, http:\/\/www.centroorizzontelavoro.it\/wp-content\/uploads\/2020\/11\/4-6-150x150.png 150w, http:\/\/www.centroorizzontelavoro.it\/wp-content\/uploads\/2020\/11\/4-6-768x768.png 768w, http:\/\/www.centroorizzontelavoro.it\/wp-content\/uploads\/2020\/11\/4-6-500x500.png 500w, http:\/\/www.centroorizzontelavoro.it\/wp-content\/uploads\/2020\/11\/4-6-400x400.png 400w, http:\/\/www.centroorizzontelavoro.it\/wp-content\/uploads\/2020\/11\/4-6-600x600.png 600w, http:\/\/www.centroorizzontelavoro.it\/wp-content\/uploads\/2020\/11\/4-6-100x100.png 100w, http:\/\/www.centroorizzontelavoro.it\/wp-content\/uploads\/2020\/11\/4-6.png 1080w\" sizes=\"(max-width: 640px) 100vw, 640px\" \/><\/a>\n\t\t\t<\/div>\n\t\t\t\t<figcaption class='wp-caption-text gallery-caption' id='gallery-2-12526'>\n\t\t\t\tJob in Country \n\t\t\t\t<\/figcaption><\/figure><figure class='gallery-item'>\n\t\t\t<div class='gallery-icon landscape'>\n\t\t\t\t<a href='http:\/\/www.centroorizzontelavoro.it\/wp-content\/uploads\/2020\/11\/5-5.png'><img width=\"640\" height=\"640\" src=\"http:\/\/www.centroorizzontelavoro.it\/wp-content\/uploads\/2020\/11\/5-5-1024x1024.png\" class=\"attachment-large size-large\" alt=\"\" loading=\"lazy\" aria-describedby=\"gallery-2-12527\" srcset=\"http:\/\/www.centroorizzontelavoro.it\/wp-content\/uploads\/2020\/11\/5-5-1024x1024.png 1024w, http:\/\/www.centroorizzontelavoro.it\/wp-content\/uploads\/2020\/11\/5-5-300x300.png 300w, http:\/\/www.centroorizzontelavoro.it\/wp-content\/uploads\/2020\/11\/5-5-150x150.png 150w, http:\/\/www.centroorizzontelavoro.it\/wp-content\/uploads\/2020\/11\/5-5-768x768.png 768w, http:\/\/www.centroorizzontelavoro.it\/wp-content\/uploads\/2020\/11\/5-5-500x500.png 500w, http:\/\/www.centroorizzontelavoro.it\/wp-content\/uploads\/2020\/11\/5-5-400x400.png 400w, http:\/\/www.centroorizzontelavoro.it\/wp-content\/uploads\/2020\/11\/5-5-600x600.png 600w, http:\/\/www.centroorizzontelavoro.it\/wp-content\/uploads\/2020\/11\/5-5-100x100.png 100w, http:\/\/www.centroorizzontelavoro.it\/wp-content\/uploads\/2020\/11\/5-5.png 1080w\" sizes=\"(max-width: 640px) 100vw, 640px\" \/><\/a>\n\t\t\t<\/div>\n\t\t\t\t<figcaption class='wp-caption-text gallery-caption' id='gallery-2-12527'>\n\t\t\t\tLeadership as a vehicle to youth partecipation\n\t\t\t\t<\/figcaption><\/figure><figure class='gallery-item'>\n\t\t\t<div class='gallery-icon landscape'>\n\t\t\t\t<a href='http:\/\/www.centroorizzontelavoro.it\/wp-content\/uploads\/2020\/11\/6-1.png'><img width=\"640\" height=\"640\" src=\"http:\/\/www.centroorizzontelavoro.it\/wp-content\/uploads\/2020\/11\/6-1-1024x1024.png\" class=\"attachment-large size-large\" alt=\"\" loading=\"lazy\" aria-describedby=\"gallery-2-12528\" srcset=\"http:\/\/www.centroorizzontelavoro.it\/wp-content\/uploads\/2020\/11\/6-1-1024x1024.png 1024w, http:\/\/www.centroorizzontelavoro.it\/wp-content\/uploads\/2020\/11\/6-1-300x300.png 300w, http:\/\/www.centroorizzontelavoro.it\/wp-content\/uploads\/2020\/11\/6-1-150x150.png 150w, http:\/\/www.centroorizzontelavoro.it\/wp-content\/uploads\/2020\/11\/6-1-768x768.png 768w, http:\/\/www.centroorizzontelavoro.it\/wp-content\/uploads\/2020\/11\/6-1-500x500.png 500w, http:\/\/www.centroorizzontelavoro.it\/wp-content\/uploads\/2020\/11\/6-1-400x400.png 400w, http:\/\/www.centroorizzontelavoro.it\/wp-content\/uploads\/2020\/11\/6-1-600x600.png 600w, http:\/\/www.centroorizzontelavoro.it\/wp-content\/uploads\/2020\/11\/6-1-100x100.png 100w, http:\/\/www.centroorizzontelavoro.it\/wp-content\/uploads\/2020\/11\/6-1.png 1080w\" sizes=\"(max-width: 640px) 100vw, 640px\" \/><\/a>\n\t\t\t<\/div>\n\t\t\t\t<figcaption class='wp-caption-text gallery-caption' id='gallery-2-12528'>\n\t\t\t\tIo Lavoro digital edition\n\t\t\t\t<\/figcaption><\/figure><figure class='gallery-item'>\n\t\t\t<div class='gallery-icon landscape'>\n\t\t\t\t<a href='http:\/\/www.centroorizzontelavoro.it\/wp-content\/uploads\/2020\/12\/Levento-e-promosso-da-VeronaFiere-e-Regione-del-Veneto-in-collaborazione-con-Ministero-dellIstruzione-dellUniversita-e-della-Ricerca-e-Ministero-del-Lavoro-e-delle-Politiche-sociali-4-1.png'><img width=\"640\" height=\"640\" src=\"http:\/\/www.centroorizzontelavoro.it\/wp-content\/uploads\/2020\/12\/Levento-e-promosso-da-VeronaFiere-e-Regione-del-Veneto-in-collaborazione-con-Ministero-dellIstruzione-dellUniversita-e-della-Ricerca-e-Ministero-del-Lavoro-e-delle-Politiche-sociali-4-1-1024x1024.png\" class=\"attachment-large size-large\" alt=\"\" loading=\"lazy\" aria-describedby=\"gallery-2-12683\" srcset=\"http:\/\/www.centroorizzontelavoro.it\/wp-content\/uploads\/2020\/12\/Levento-e-promosso-da-VeronaFiere-e-Regione-del-Veneto-in-collaborazione-con-Ministero-dellIstruzione-dellUniversita-e-della-Ricerca-e-Ministero-del-Lavoro-e-delle-Politiche-sociali-4-1-1024x1024.png 1024w, http:\/\/www.centroorizzontelavoro.it\/wp-content\/uploads\/2020\/12\/Levento-e-promosso-da-VeronaFiere-e-Regione-del-Veneto-in-collaborazione-con-Ministero-dellIstruzione-dellUniversita-e-della-Ricerca-e-Ministero-del-Lavoro-e-delle-Politiche-sociali-4-1-300x300.png 300w, http:\/\/www.centroorizzontelavoro.it\/wp-content\/uploads\/2020\/12\/Levento-e-promosso-da-VeronaFiere-e-Regione-del-Veneto-in-collaborazione-con-Ministero-dellIstruzione-dellUniversita-e-della-Ricerca-e-Ministero-del-Lavoro-e-delle-Politiche-sociali-4-1-150x150.png 150w, http:\/\/www.centroorizzontelavoro.it\/wp-content\/uploads\/2020\/12\/Levento-e-promosso-da-VeronaFiere-e-Regione-del-Veneto-in-collaborazione-con-Ministero-dellIstruzione-dellUniversita-e-della-Ricerca-e-Ministero-del-Lavoro-e-delle-Politiche-sociali-4-1-768x768.png 768w, http:\/\/www.centroorizzontelavoro.it\/wp-content\/uploads\/2020\/12\/Levento-e-promosso-da-VeronaFiere-e-Regione-del-Veneto-in-collaborazione-con-Ministero-dellIstruzione-dellUniversita-e-della-Ricerca-e-Ministero-del-Lavoro-e-delle-Politiche-sociali-4-1-500x500.png 500w, http:\/\/www.centroorizzontelavoro.it\/wp-content\/uploads\/2020\/12\/Levento-e-promosso-da-VeronaFiere-e-Regione-del-Veneto-in-collaborazione-con-Ministero-dellIstruzione-dellUniversita-e-della-Ricerca-e-Ministero-del-Lavoro-e-delle-Politiche-sociali-4-1-400x400.png 400w, http:\/\/www.centroorizzontelavoro.it\/wp-content\/uploads\/2020\/12\/Levento-e-promosso-da-VeronaFiere-e-Regione-del-Veneto-in-collaborazione-con-Ministero-dellIstruzione-dellUniversita-e-della-Ricerca-e-Ministero-del-Lavoro-e-delle-Politiche-sociali-4-1-600x600.png 600w, http:\/\/www.centroorizzontelavoro.it\/wp-content\/uploads\/2020\/12\/Levento-e-promosso-da-VeronaFiere-e-Regione-del-Veneto-in-collaborazione-con-Ministero-dellIstruzione-dellUniversita-e-della-Ricerca-e-Ministero-del-Lavoro-e-delle-Politiche-sociali-4-1-100x100.png 100w, http:\/\/www.centroorizzontelavoro.it\/wp-content\/uploads\/2020\/12\/Levento-e-promosso-da-VeronaFiere-e-Regione-del-Veneto-in-collaborazione-con-Ministero-dellIstruzione-dellUniversita-e-della-Ricerca-e-Ministero-del-Lavoro-e-delle-Politiche-sociali-4-1.png 1080w\" sizes=\"(max-width: 640px) 100vw, 640px\" \/><\/a>\n\t\t\t<\/div>\n\t\t\t\t<figcaption class='wp-caption-text gallery-caption' id='gallery-2-12683'>\n\t\t\t\tServizio civile 2020\n\t\t\t\t<\/figcaption><\/figure>\n\t\t<\/div>\n<\/div><\/div><\/div><div id=\"pg-12374-1\"  class=\"panel-grid panel-no-style\" ><div id=\"pgc-12374-1-0\"  class=\"panel-grid-cell\" ><div id=\"panel-12374-1-0-0\" class=\"so-panel widget widget_my_calendar_mini_widget panel-first-child panel-last-child\" data-index=\"1\" ><h3 class=\"widget-title\">EVENTI<\/h3>\r\n<div id=\"widget-1-0-0\" class=\"mc-main mcjs listjs gridjs minijs ajaxjs mini month widget-1-0-0\" aria-live='assertive' aria-atomic='true' aria-relevant='additions'><div class=\"my-calendar-header\">\r\n\t\t<div class=\"my-calendar-nav\">\r\n\t\t\t<ul>\r\n\t\t\t\t<li class=\"my-calendar-prev\"><a href=\"http:\/\/www.centroorizzontelavoro.it\/index.php\/eventi\/?yr=2026&#038;month=4&#038;dy&#038;cid=widget-1-0-0\" rel=\"nofollow\" class=\"mcajax\">Precedente<\/a><\/li><li class=\"my-calendar-next\"><a href=\"http:\/\/www.centroorizzontelavoro.it\/index.php\/eventi\/?yr=2026&#038;month=6&#038;dy&#038;cid=widget-1-0-0\" rel=\"nofollow\" class=\"mcajax\">Successivo<\/a><\/li>\r\n\t\t\t<\/ul>\r\n\t\t<\/div><\/div>\n<table class=\"my-calendar-table\">\n<caption class=\"heading my-calendar-month\">Maggio 2026 <\/caption>\n<thead>\n\t<tr class='mc-row'>\n\t\t<th scope=\"col\" class='day-heading mon'><span aria-hidden=\"true\"><abbr title=\"Luned\u00ec\">L<\/abbr><\/span><span class=\"screen-reader-text\">luned\u00ec<\/span><\/th>\n\t\t<th scope=\"col\" class='day-heading tues'><span aria-hidden=\"true\"><abbr title=\"Marted\u00ec\">M<\/abbr><\/span><span class=\"screen-reader-text\">marted\u00ec<\/span><\/th>\n\t\t<th scope=\"col\" class='day-heading wed'><span aria-hidden=\"true\"><abbr title=\"Mercoled\u00ec\">M<\/abbr><\/span><span class=\"screen-reader-text\">mercoled\u00ec<\/span><\/th>\n\t\t<th scope=\"col\" class='day-heading thur'><span aria-hidden=\"true\"><abbr title=\"Gioved\u00ec\">G<\/abbr><\/span><span class=\"screen-reader-text\">gioved\u00ec<\/span><\/th>\n\t\t<th scope=\"col\" class='day-heading fri'><span aria-hidden=\"true\"><abbr title=\"Venerd\u00ec\">V<\/abbr><\/span><span class=\"screen-reader-text\">venerd\u00ec<\/span><\/th>\n\t\t<th scope=\"col\" class='weekend-heading sat'><span aria-hidden=\"true\"><abbr title=\"Sabato\">S<\/abbr><\/span><span class=\"screen-reader-text\">sabato<\/span><\/th>\n\t\t<th scope=\"col\" class='weekend-heading sun'><span aria-hidden=\"true\"><abbr title=\"Domenica\">D<\/abbr><\/span><span class=\"screen-reader-text\">domenica<\/span><\/th>\n\t<\/tr>\n<\/thead>\n<tbody>\n<tr class='mc-row'><td class='no-events luned lun past-day past-date  nextmonth no-events day-with-date'><span class='mc-date no-events'><span aria-hidden='true'>27<\/span><span class='screen-reader-text'>27 Aprile 2026<\/span><\/span>\n<\/td>\n<td class='no-events marted mar past-day past-date  nextmonth no-events day-with-date'><span class='mc-date no-events'><span aria-hidden='true'>28<\/span><span class='screen-reader-text'>28 Aprile 2026<\/span><\/span>\n<\/td>\n<td class='no-events mercoled mer past-day past-date  nextmonth no-events day-with-date'><span class='mc-date no-events'><span aria-hidden='true'>29<\/span><span class='screen-reader-text'>29 Aprile 2026<\/span><\/span>\n<\/td>\n<td class='no-events gioved gio past-day past-date  nextmonth no-events day-with-date'><span class='mc-date no-events'><span aria-hidden='true'>30<\/span><span class='screen-reader-text'>30 Aprile 2026<\/span><\/span>\n<\/td>\n<td class='no-events venerd ven past-day past-date   no-events day-with-date'><span class='mc-date no-events'><span aria-hidden='true'>1<\/span><span class='screen-reader-text'>1 Maggio 2026<\/span><\/span>\n<\/td>\n<td class='no-events sabato sab past-day past-date weekend  no-events day-with-date'><span class='mc-date no-events'><span aria-hidden='true'>2<\/span><span class='screen-reader-text'>2 Maggio 2026<\/span><\/span>\n<\/td>\n<td class='no-events domenica dom past-day past-date weekend  no-events day-with-date'><span class='mc-date no-events'><span aria-hidden='true'>3<\/span><span class='screen-reader-text'>3 Maggio 2026<\/span><\/span>\n<\/td>\n<\/tr>\n<!-- End Event Row -->\n<tr class='mc-row'><td class='no-events luned lun past-day past-date   no-events day-with-date'><span class='mc-date no-events'><span aria-hidden='true'>4<\/span><span class='screen-reader-text'>4 Maggio 2026<\/span><\/span>\n<\/td>\n<td class='no-events marted mar past-day past-date   no-events day-with-date'><span class='mc-date no-events'><span aria-hidden='true'>5<\/span><span class='screen-reader-text'>5 Maggio 2026<\/span><\/span>\n<\/td>\n<td class='no-events mercoled mer past-day past-date   no-events day-with-date'><span class='mc-date no-events'><span aria-hidden='true'>6<\/span><span class='screen-reader-text'>6 Maggio 2026<\/span><\/span>\n<\/td>\n<td class='no-events gioved gio past-day past-date   no-events day-with-date'><span class='mc-date no-events'><span aria-hidden='true'>7<\/span><span class='screen-reader-text'>7 Maggio 2026<\/span><\/span>\n<\/td>\n<td class='no-events venerd ven past-day past-date   no-events day-with-date'><span class='mc-date no-events'><span aria-hidden='true'>8<\/span><span class='screen-reader-text'>8 Maggio 2026<\/span><\/span>\n<\/td>\n<td class='no-events sabato sab past-day past-date weekend  no-events day-with-date'><span class='mc-date no-events'><span aria-hidden='true'>9<\/span><span class='screen-reader-text'>9 Maggio 2026<\/span><\/span>\n<\/td>\n<td class='no-events domenica dom past-day past-date weekend  no-events day-with-date'><span class='mc-date no-events'><span aria-hidden='true'>10<\/span><span class='screen-reader-text'>10 Maggio 2026<\/span><\/span>\n<\/td>\n<\/tr>\n<!-- End Event Row -->\n<tr class='mc-row'><td class='no-events luned lun past-day past-date   no-events day-with-date'><span class='mc-date no-events'><span aria-hidden='true'>11<\/span><span class='screen-reader-text'>11 Maggio 2026<\/span><\/span>\n<\/td>\n<td class='no-events marted mar past-day past-date   no-events day-with-date'><span class='mc-date no-events'><span aria-hidden='true'>12<\/span><span class='screen-reader-text'>12 Maggio 2026<\/span><\/span>\n<\/td>\n<td class='no-events mercoled mer past-day past-date   no-events day-with-date'><span class='mc-date no-events'><span aria-hidden='true'>13<\/span><span class='screen-reader-text'>13 Maggio 2026<\/span><\/span>\n<\/td>\n<td class='no-events gioved gio past-day past-date   no-events day-with-date'><span class='mc-date no-events'><span aria-hidden='true'>14<\/span><span class='screen-reader-text'>14 Maggio 2026<\/span><\/span>\n<\/td>\n<td class='no-events venerd ven past-day past-date   no-events day-with-date'><span class='mc-date no-events'><span aria-hidden='true'>15<\/span><span class='screen-reader-text'>15 Maggio 2026<\/span><\/span>\n<\/td>\n<td class='no-events sabato sab past-day past-date weekend  no-events day-with-date'><span class='mc-date no-events'><span aria-hidden='true'>16<\/span><span class='screen-reader-text'>16 Maggio 2026<\/span><\/span>\n<\/td>\n<td aria-current=\"date\" class='no-events domenica dom current-day weekend  no-events day-with-date'><span class='mc-date no-events'><span aria-hidden='true'>17<\/span><span class='screen-reader-text'>17 Maggio 2026<\/span><\/span>\n<\/td>\n<\/tr>\n<!-- End Event Row -->\n<tr class='mc-row'><td class='no-events luned lun future-day   no-events day-with-date'><span class='mc-date no-events'><span aria-hidden='true'>18<\/span><span class='screen-reader-text'>18 Maggio 2026<\/span><\/span>\n<\/td>\n<td class='no-events marted mar future-day   no-events day-with-date'><span class='mc-date no-events'><span aria-hidden='true'>19<\/span><span class='screen-reader-text'>19 Maggio 2026<\/span><\/span>\n<\/td>\n<td class='no-events mercoled mer future-day   no-events day-with-date'><span class='mc-date no-events'><span aria-hidden='true'>20<\/span><span class='screen-reader-text'>20 Maggio 2026<\/span><\/span>\n<\/td>\n<td class='no-events gioved gio future-day   no-events day-with-date'><span class='mc-date no-events'><span aria-hidden='true'>21<\/span><span class='screen-reader-text'>21 Maggio 2026<\/span><\/span>\n<\/td>\n<td class='no-events venerd ven future-day   no-events day-with-date'><span class='mc-date no-events'><span aria-hidden='true'>22<\/span><span class='screen-reader-text'>22 Maggio 2026<\/span><\/span>\n<\/td>\n<td class='no-events sabato sab future-day weekend  no-events day-with-date'><span class='mc-date no-events'><span aria-hidden='true'>23<\/span><span class='screen-reader-text'>23 Maggio 2026<\/span><\/span>\n<\/td>\n<td class='no-events domenica dom future-day weekend  no-events day-with-date'><span class='mc-date no-events'><span aria-hidden='true'>24<\/span><span class='screen-reader-text'>24 Maggio 2026<\/span><\/span>\n<\/td>\n<\/tr>\n<!-- End Event Row -->\n<tr class='mc-row'><td class='no-events luned lun future-day   no-events day-with-date'><span class='mc-date no-events'><span aria-hidden='true'>25<\/span><span class='screen-reader-text'>25 Maggio 2026<\/span><\/span>\n<\/td>\n<td class='no-events marted mar future-day   no-events day-with-date'><span class='mc-date no-events'><span aria-hidden='true'>26<\/span><span class='screen-reader-text'>26 Maggio 2026<\/span><\/span>\n<\/td>\n<td class='no-events mercoled mer future-day   no-events day-with-date'><span class='mc-date no-events'><span aria-hidden='true'>27<\/span><span class='screen-reader-text'>27 Maggio 2026<\/span><\/span>\n<\/td>\n<td class='no-events gioved gio future-day   no-events day-with-date'><span class='mc-date no-events'><span aria-hidden='true'>28<\/span><span class='screen-reader-text'>28 Maggio 2026<\/span><\/span>\n<\/td>\n<td class='no-events venerd ven future-day   no-events day-with-date'><span class='mc-date no-events'><span aria-hidden='true'>29<\/span><span class='screen-reader-text'>29 Maggio 2026<\/span><\/span>\n<\/td>\n<td class='no-events sabato sab future-day weekend  no-events day-with-date'><span class='mc-date no-events'><span aria-hidden='true'>30<\/span><span class='screen-reader-text'>30 Maggio 2026<\/span><\/span>\n<\/td>\n<td class='no-events domenica dom future-day weekend  no-events day-with-date'><span class='mc-date no-events'><span aria-hidden='true'>31<\/span><span class='screen-reader-text'>31 Maggio 2026<\/span><\/span>\n<\/td>\n<\/tr>\n<!-- End Event Row -->\n\n<\/tbody>\n<\/table>\r\n<\/div><\/div><\/div><\/div><\/div>","protected":false},"excerpt":{"rendered":"<p>Job &#038; Orienta Resto al Sud Cultura Crea Job in Country Leadership as a vehicle to youth partecipation Io Lavoro digital edition Servizio civile 2020 EVENTI PrecedenteSuccessivo Maggio 2026 Lluned\u00ec Mmarted\u00ec Mmercoled\u00ec Ggioved\u00ec Vvenerd\u00ec Ssabato Ddomenica 2727 Aprile 2026 2828 Aprile 2026 2929 Aprile 2026 3030 Aprile 2026 11 Maggio [&hellip;]<\/p>\n","protected":false},"author":2,"featured_media":0,"parent":0,"menu_order":0,"comment_status":"closed","ping_status":"closed","template":"","meta":{"_monsterinsights_skip_tracking":false,"_monsterinsights_sitenote_active":false,"_monsterinsights_sitenote_note":"","_monsterinsights_sitenote_category":0},"_links":{"self":[{"href":"http:\/\/www.centroorizzontelavoro.it\/index.php\/wp-json\/wp\/v2\/pages\/12374"}],"collection":[{"href":"http:\/\/www.centroorizzontelavoro.it\/index.php\/wp-json\/wp\/v2\/pages"}],"about":[{"href":"http:\/\/www.centroorizzontelavoro.it\/index.php\/wp-json\/wp\/v2\/types\/page"}],"author":[{"embeddable":true,"href":"http:\/\/www.centroorizzontelavoro.it\/index.php\/wp-json\/wp\/v2\/users\/2"}],"replies":[{"embeddable":true,"href":"http:\/\/www.centroorizzontelavoro.it\/index.php\/wp-json\/wp\/v2\/comments?post=12374"}],"version-history":[{"count":48,"href":"http:\/\/www.centroorizzontelavoro.it\/index.php\/wp-json\/wp\/v2\/pages\/12374\/revisions"}],"predecessor-version":[{"id":12377,"href":"http:\/\/www.centroorizzontelavoro.it\/index.php\/wp-json\/wp\/v2\/pages\/12374\/revisions\/12377"}],"wp:attachment":[{"href":"http:\/\/www.centroorizzontelavoro.it\/index.php\/wp-json\/wp\/v2\/media?parent=12374"}],"curies":[{"name":"wp","href":"https:\/\/api.w.org\/{rel}","templated":true}]}}