{"id":11590,"date":"2020-04-27T20:37:02","date_gmt":"2020-04-27T18:37:02","guid":{"rendered":"http:\/\/www.centroorizzontelavoro.it\/?page_id=11590"},"modified":"2020-10-20T16:48:18","modified_gmt":"2020-10-20T14:48:18","slug":"abbonamento-newsletter-trovo-lavoro","status":"publish","type":"page","link":"http:\/\/www.centroorizzontelavoro.it\/index.php\/abbonamento-newsletter-trovo-lavoro\/","title":{"rendered":"Abbonamento newsletter cos\u00ec trovo lavoro"},"content":{"rendered":"<div id=\"pl-11590\"  class=\"panel-layout\" ><div id=\"pg-11590-0\"  class=\"panel-grid panel-no-style\" ><div id=\"pgc-11590-0-0\"  class=\"panel-grid-cell\" ><div id=\"panel-11590-0-0-0\" class=\"so-panel widget widget_sow-editor panel-first-child\" data-index=\"0\" ><div class=\"so-widget-sow-editor so-widget-sow-editor-base\">\n<div class=\"siteorigin-widget-tinymce textwidget\">\n\t<h1><span style=\"color: #ff6600;\">Abb\u00f2nati!<\/span><\/h1>\n<p style=\"text-align: justify;\">Abbonandoti, riceverai una versione della newsletter che ti permetter\u00e0 di avere pieno accesso a tutte le opportunit\u00e0 lavorative da noi selezionate, con le informazioni aggiuntive riguardanti il tipo di azienda, la figura ricercata, i requisiti richiesti per potersi candidare, la localit\u00e0 della sede di lavoro, la scadenza (ove esistente), il link e altri riferimenti utili per proporre la propria candidatura.<\/p>\n<h4><span style=\"color: #ff6600;\">Tipologie di abbonamento e costi<\/span><\/h4>\n<p>L\u2019abbonamento pu\u00f2 essere attivato per 6 o 12 mesi. Il pagamento (poco pi\u00f9 di 28 centesimi alla settimana) pu\u00f2 essere effettuato mediante bonifico bancario oppure, pi\u00f9 rapidamente, tramite carta di credito o prepagata in tutta sicurezza con PayPal.<\/p>\n<p><span style=\"color: #ff6600;\"><strong>ABBONAMENTO SOSTENITORE<\/strong>\u00a0<\/span><\/p>\n<p>Se vuoi e puoi, sostieni lo sviluppo dei servizi che il Centro Orizzonte Lavoro rivolge a chi \u00e8 in cerca di lavoro e agli enti del Terzo settore: abbonati da Sostenitore, aggiungendo all\u2019importo quanto credi o\u00a0offrendo un abbonamento a qualcuno cui ritieni che possa tornare utile. Grazie.<\/p>\n<\/div>\n<\/div><\/div><div id=\"panel-11590-0-0-1\" class=\"so-panel widget widget_sow-editor\" data-index=\"1\" ><div class=\"so-widget-sow-editor so-widget-sow-editor-base\">\n<div class=\"siteorigin-widget-tinymce textwidget\">\n\t<p><strong><\/p>\n<div class=\"woocommerce columns-4 \">\n<ul class=\"product-grid row\">\n<li class=\"col-md-3 col-sm-6 col-xs-6 first post-11613 product type-product status-publish has-post-thumbnail hentry product_cat-trovo-lavoro\">\n<div class=\"content__product\">\n<div class=\"product_thumb\">\n<div class=\"quick-view\" data-prod=\"11613\"><a href=\"javascript:;\"><i class=\"fa fa-search\"><\/i><\/a><\/div>\n<p>\t\t\t<a href=\"http:\/\/www.centroorizzontelavoro.it\/index.php\/prodotto\/abbonamento-annuale-newsletter-lavoro\/\" class=\"link-images-product\"><\/a>\n\t\t<\/div>\n<div class=\"product__title\">\n\t\t\t<a href=\"http:\/\/www.centroorizzontelavoro.it\/index.php\/prodotto\/abbonamento-annuale-newsletter-lavoro\/\" class=\"title\">Abbonamento annuale alla newsletter lavoro<\/a>\n\t\t\t\t\t\t\t\t<\/div>\n<\/p><\/div>\n<\/li>\n<li class=\"col-md-3 col-sm-6 col-xs-6 post-11813 product type-product status-publish has-post-thumbnail hentry product_cat-trovo-lavoro\">\n<div class=\"content__product\">\n<div class=\"product_thumb\">\n<div class=\"quick-view\" data-prod=\"11813\"><a href=\"javascript:;\"><i class=\"fa fa-search\"><\/i><\/a><\/div>\n<p>\t\t\t<a href=\"http:\/\/www.centroorizzontelavoro.it\/index.php\/prodotto\/abbonamento-annuale-alla-newsletter-lavoro-sostenitore\/\" class=\"link-images-product\"><\/a>\n\t\t<\/div>\n<div class=\"product__title\">\n\t\t\t<a href=\"http:\/\/www.centroorizzontelavoro.it\/index.php\/prodotto\/abbonamento-annuale-alla-newsletter-lavoro-sostenitore\/\" class=\"title\">Abbonamento annuale alla newsletter lavoro sostenitore<\/a>\n\t\t\t\t\t\t\t\t<\/div>\n<\/p><\/div>\n<\/li>\n<li class=\"col-md-3 col-sm-6 col-xs-6 post-11611 product type-product status-publish has-post-thumbnail hentry product_cat-trovo-lavoro\">\n<div class=\"content__product\">\n<div class=\"product_thumb\">\n<div class=\"quick-view\" data-prod=\"11611\"><a href=\"javascript:;\"><i class=\"fa fa-search\"><\/i><\/a><\/div>\n<p>\t\t\t<a href=\"http:\/\/www.centroorizzontelavoro.it\/index.php\/prodotto\/abbonamento-semestrale-newsletter-lavoro\/\" class=\"link-images-product\"><\/a>\n\t\t<\/div>\n<div class=\"product__title\">\n\t\t\t<a href=\"http:\/\/www.centroorizzontelavoro.it\/index.php\/prodotto\/abbonamento-semestrale-newsletter-lavoro\/\" class=\"title\">Abbonamento semestrale alla newsletter lavoro<\/a>\n\t\t\t\t\t\t\t\t<\/div>\n<\/p><\/div>\n<\/li>\n<li class=\"col-md-3 col-sm-6 col-xs-6 last post-11812 product type-product status-publish has-post-thumbnail hentry product_cat-trovo-lavoro\">\n<div class=\"content__product\">\n<div class=\"product_thumb\">\n<div class=\"quick-view\" data-prod=\"11812\"><a href=\"javascript:;\"><i class=\"fa fa-search\"><\/i><\/a><\/div>\n<p>\t\t\t<a href=\"http:\/\/www.centroorizzontelavoro.it\/index.php\/prodotto\/abbonamento-semestrale-alla-newsletter-lavoro-sostenitore\/\" class=\"link-images-product\"><\/a>\n\t\t<\/div>\n<div class=\"product__title\">\n\t\t\t<a href=\"http:\/\/www.centroorizzontelavoro.it\/index.php\/prodotto\/abbonamento-semestrale-alla-newsletter-lavoro-sostenitore\/\" class=\"title\">Abbonamento semestrale alla newsletter lavoro Sostenitore<\/a>\n\t\t\t\t\t\t\t\t<\/div>\n<\/p><\/div>\n<\/li>\n<\/ul>\n<\/div>\n<p><\/strong><\/p>\n<\/div>\n<\/div><\/div><div id=\"panel-11590-0-0-2\" class=\"so-panel widget widget_sow-editor panel-last-child\" data-index=\"2\" ><div class=\"so-widget-sow-editor so-widget-sow-editor-base\">\n<div class=\"siteorigin-widget-tinymce textwidget\">\n\t<p><strong><\/p>\n<div class=\"woocommerce columns-4 \">\n<ul class=\"product-grid row\">\n<li class=\"col-md-3 col-sm-6 col-xs-6 first post-11742 product type-product status-publish has-post-thumbnail hentry product_cat-abbonamenti-cumulativi\">\n<div class=\"content__product\">\n<div class=\"product_thumb\">\n<div class=\"quick-view\" data-prod=\"11742\"><a href=\"javascript:;\"><i class=\"fa fa-search\"><\/i><\/a><\/div>\n<p>\t\t\t<a href=\"http:\/\/www.centroorizzontelavoro.it\/index.php\/prodotto\/abbonamento-cumulativo-annuale-alle-due-newsletter\/\" class=\"link-images-product\"><\/a>\n\t\t<\/div>\n<div class=\"product__title\">\n\t\t\t<a href=\"http:\/\/www.centroorizzontelavoro.it\/index.php\/prodotto\/abbonamento-cumulativo-annuale-alle-due-newsletter\/\" class=\"title\">Abbonamento cumulativo annuale alle due newsletter<\/a>\n\t\t\t\t\t\t\t\t<\/div>\n<\/p><\/div>\n<\/li>\n<li class=\"col-md-3 col-sm-6 col-xs-6 post-11814 product type-product status-publish has-post-thumbnail hentry product_cat-abbonamenti-cumulativi\">\n<div class=\"content__product\">\n<div class=\"product_thumb\">\n<div class=\"quick-view\" data-prod=\"11814\"><a href=\"javascript:;\"><i class=\"fa fa-search\"><\/i><\/a><\/div>\n<p>\t\t\t<a href=\"http:\/\/www.centroorizzontelavoro.it\/index.php\/prodotto\/abbonamento-cumulativo-annuale-alle-due-newsletter-sostenitore\/\" class=\"link-images-product\"><\/a>\n\t\t<\/div>\n<div class=\"product__title\">\n\t\t\t<a href=\"http:\/\/www.centroorizzontelavoro.it\/index.php\/prodotto\/abbonamento-cumulativo-annuale-alle-due-newsletter-sostenitore\/\" class=\"title\">Abbonamento cumulativo annuale alle due newsletter Sostenitore<\/a>\n\t\t\t\t\t\t\t\t<\/div>\n<\/p><\/div>\n<\/li>\n<li class=\"col-md-3 col-sm-6 col-xs-6 post-11735 product type-product status-publish has-post-thumbnail hentry product_cat-abbonamenti-cumulativi\">\n<div class=\"content__product\">\n<div class=\"product_thumb\">\n<div class=\"quick-view\" data-prod=\"11735\"><a href=\"javascript:;\"><i class=\"fa fa-search\"><\/i><\/a><\/div>\n<p>\t\t\t<a href=\"http:\/\/www.centroorizzontelavoro.it\/index.php\/prodotto\/abbonamento-cumulativo-semestrale-alle-due-newsletter\/\" class=\"link-images-product\"><\/a>\n\t\t<\/div>\n<div class=\"product__title\">\n\t\t\t<a href=\"http:\/\/www.centroorizzontelavoro.it\/index.php\/prodotto\/abbonamento-cumulativo-semestrale-alle-due-newsletter\/\" class=\"title\">Abbonamento cumulativo semestrale alle due newsletter<\/a>\n\t\t\t\t\t\t\t\t<\/div>\n<\/p><\/div>\n<\/li>\n<li class=\"col-md-3 col-sm-6 col-xs-6 last post-11815 product type-product status-publish has-post-thumbnail hentry product_cat-abbonamenti-cumulativi\">\n<div class=\"content__product\">\n<div class=\"product_thumb\">\n<div class=\"quick-view\" data-prod=\"11815\"><a href=\"javascript:;\"><i class=\"fa fa-search\"><\/i><\/a><\/div>\n<p>\t\t\t<a href=\"http:\/\/www.centroorizzontelavoro.it\/index.php\/prodotto\/abbonamento-cumulativo-semestrale-alle-due-newsletter-sostenitore\/\" class=\"link-images-product\"><\/a>\n\t\t<\/div>\n<div class=\"product__title\">\n\t\t\t<a href=\"http:\/\/www.centroorizzontelavoro.it\/index.php\/prodotto\/abbonamento-cumulativo-semestrale-alle-due-newsletter-sostenitore\/\" class=\"title\">Abbonamento cumulativo semestrale alle due newsletter Sostenitore<\/a>\n\t\t\t\t\t\t\t\t<\/div>\n<\/p><\/div>\n<\/li>\n<\/ul>\n<\/div>\n<p><\/strong><\/p>\n<\/div>\n<\/div><\/div><\/div><\/div><\/div>","protected":false},"excerpt":{"rendered":"<p>Abb\u00f2nati! Abbonandoti, riceverai una versione della newsletter che ti permetter\u00e0 di avere pieno accesso a tutte le opportunit\u00e0 lavorative da noi selezionate, con le informazioni aggiuntive riguardanti il tipo di azienda, la figura ricercata, i requisiti richiesti per potersi candidare, la localit\u00e0 della sede di lavoro, la scadenza (ove esistente), [&hellip;]<\/p>\n","protected":false},"author":1,"featured_media":0,"parent":0,"menu_order":0,"comment_status":"closed","ping_status":"closed","template":"","meta":{"_monsterinsights_skip_tracking":false,"_monsterinsights_sitenote_active":false,"_monsterinsights_sitenote_note":"","_monsterinsights_sitenote_category":0},"_links":{"self":[{"href":"http:\/\/www.centroorizzontelavoro.it\/index.php\/wp-json\/wp\/v2\/pages\/11590"}],"collection":[{"href":"http:\/\/www.centroorizzontelavoro.it\/index.php\/wp-json\/wp\/v2\/pages"}],"about":[{"href":"http:\/\/www.centroorizzontelavoro.it\/index.php\/wp-json\/wp\/v2\/types\/page"}],"author":[{"embeddable":true,"href":"http:\/\/www.centroorizzontelavoro.it\/index.php\/wp-json\/wp\/v2\/users\/1"}],"replies":[{"embeddable":true,"href":"http:\/\/www.centroorizzontelavoro.it\/index.php\/wp-json\/wp\/v2\/comments?post=11590"}],"version-history":[{"count":17,"href":"http:\/\/www.centroorizzontelavoro.it\/index.php\/wp-json\/wp\/v2\/pages\/11590\/revisions"}],"predecessor-version":[{"id":12247,"href":"http:\/\/www.centroorizzontelavoro.it\/index.php\/wp-json\/wp\/v2\/pages\/11590\/revisions\/12247"}],"wp:attachment":[{"href":"http:\/\/www.centroorizzontelavoro.it\/index.php\/wp-json\/wp\/v2\/media?parent=11590"}],"curies":[{"name":"wp","href":"https:\/\/api.w.org\/{rel}","templated":true}]}}