{"id":11539,"date":"2020-04-22T18:32:29","date_gmt":"2020-04-22T16:32:29","guid":{"rendered":"http:\/\/www.centroorizzontelavoro.it\/?page_id=11539"},"modified":"2020-05-18T17:18:02","modified_gmt":"2020-05-18T15:18:02","slug":"registrazione-gratuita-newsletter-finanzia-la-tua-organizzazione","status":"publish","type":"page","link":"http:\/\/www.centroorizzontelavoro.it\/index.php\/registrazione-gratuita-newsletter-finanzia-la-tua-organizzazione\/","title":{"rendered":"Registrazione gratuita newsletter finanzia la tua organizzazione"},"content":{"rendered":"<div id=\"pl-11539\"  class=\"panel-layout\" ><div id=\"pg-11539-0\"  class=\"panel-grid panel-no-style\" ><div id=\"pgc-11539-0-0\"  class=\"panel-grid-cell\" ><div id=\"panel-11539-0-0-0\" class=\"so-panel widget widget_sow-editor panel-first-child\" data-index=\"0\" ><div class=\"so-widget-sow-editor so-widget-sow-editor-base\">\n<div class=\"siteorigin-widget-tinymce textwidget\">\n\t<h4><span style=\"color: #ff6600;\">Iscriviti gratuitamente!<\/span><\/h4>\n<p style=\"text-align: justify;\">Iscrivendoti gratuitamente potrai ricevere la newsletter, che ti consentir\u00e0 di visualizzare una breve anteprima dei bandi presenti nel nostro database. Ci\u00f2 ti consentir\u00e0 di comprendere la tipologia dei bandi pubblicati, la loro utilit\u00e0 per la tua organizzazione e, quindi, di valutare quanto sia valido poterti avvalere del servizio di consultazione completa attivando l\u2019abbonamento semestrale o annuale per visualizzare le schede dei bandi con maggiori dettagli e informazioni, rispetto a quanto \u00e8 accessibile agli utenti solamente registrati.<\/p>\n<p>compila il form.<\/p>\n<\/div>\n<\/div><\/div><div id=\"panel-11539-0-0-1\" class=\"so-panel widget widget_sow-editor panel-last-child\" data-index=\"1\" ><div class=\"so-widget-sow-editor so-widget-sow-editor-base\">\n<div class=\"siteorigin-widget-tinymce textwidget\">\n\t<div role=\"form\" class=\"wpcf7\" id=\"wpcf7-f6605-o2\" lang=\"en-US\" dir=\"ltr\">\n<div class=\"screen-reader-response\">\n<p role=\"status\" aria-live=\"polite\" aria-atomic=\"true\">\n<ul><\/ul>\n<\/div>\n<form action=\"\/index.php\/wp-json\/wp\/v2\/pages\/11539#wpcf7-f6605-o2\" method=\"post\" class=\"wpcf7-form init\" novalidate=\"novalidate\" data-status=\"init\">\n<div style=\"display: none;\">\n<input type=\"hidden\" name=\"_wpcf7\" value=\"6605\" \/><br \/>\n<input type=\"hidden\" name=\"_wpcf7_version\" value=\"5.3.2\" \/><br \/>\n<input type=\"hidden\" name=\"_wpcf7_locale\" value=\"en_US\" \/><br \/>\n<input type=\"hidden\" name=\"_wpcf7_unit_tag\" value=\"wpcf7-f6605-o2\" \/><br \/>\n<input type=\"hidden\" name=\"_wpcf7_container_post\" value=\"0\" \/><br \/>\n<input type=\"hidden\" name=\"_wpcf7_posted_data_hash\" value=\"\" \/>\n<\/div>\n<div class=\"text-left\">\n<label>Nome *<\/label><br \/>\n<span class=\"wpcf7-form-control-wrap Nome\"><input type=\"text\" name=\"Nome\" value=\"\" size=\"40\" class=\"wpcf7-form-control wpcf7-text wpcf7-validates-as-required\" aria-required=\"true\" aria-invalid=\"false\" \/><\/span><\/p>\n<p><label>Cognome *<\/label><br \/>\n<span class=\"wpcf7-form-control-wrap Cognome\"><input type=\"text\" name=\"Cognome\" value=\"\" size=\"40\" class=\"wpcf7-form-control wpcf7-text wpcf7-validates-as-required\" aria-required=\"true\" aria-invalid=\"false\" \/><\/span><\/p>\n<p><label>E-mail personale*<\/label><br \/>\n<span class=\"wpcf7-form-control-wrap emailPersonale\"><input type=\"email\" name=\"emailPersonale\" value=\"\" size=\"40\" class=\"wpcf7-form-control wpcf7-text wpcf7-email wpcf7-validates-as-required wpcf7-validates-as-email\" aria-required=\"true\" aria-invalid=\"false\" \/><\/span><\/p>\n<p><label>Ragione Sociale Ente<\/label><br \/>\n<span class=\"wpcf7-form-control-wrap RagioneSociale\"><input type=\"text\" name=\"RagioneSociale\" value=\"\" size=\"40\" class=\"wpcf7-form-control wpcf7-text\" aria-invalid=\"false\" \/><\/span><\/p>\n<p><label>E-mail istituzionale<\/label><br \/>\n<span class=\"wpcf7-form-control-wrap emailIstituzionale\"><input type=\"email\" name=\"emailIstituzionale\" value=\"\" size=\"40\" class=\"wpcf7-form-control wpcf7-text wpcf7-email wpcf7-validates-as-email\" aria-invalid=\"false\" \/><\/span><\/p>\n<p><label>Tra gli ambiti seguenti seleziona a quale\/i sei maggiormente interessato: *<\/label><br \/>\n<span class=\"wpcf7-form-control-wrap corsi\"><span class=\"wpcf7-form-control wpcf7-checkbox\"><span class=\"wpcf7-list-item first\"><label><input type=\"checkbox\" name=\"corsi[]\" value=\"Fundraising (raccolta fondi)\" \/><span class=\"wpcf7-list-item-label\">Fundraising (raccolta fondi)<\/span><\/label><\/span><span class=\"wpcf7-list-item\"><label><input type=\"checkbox\" name=\"corsi[]\" value=\"Progettazione sociale\" \/><span class=\"wpcf7-list-item-label\">Progettazione sociale<\/span><\/label><\/span><span class=\"wpcf7-list-item\"><label><input type=\"checkbox\" name=\"corsi[]\" value=\"Euro-progettazione\" \/><span class=\"wpcf7-list-item-label\">Euro-progettazione<\/span><\/label><\/span><span class=\"wpcf7-list-item\"><label><input type=\"checkbox\" name=\"corsi[]\" value=\"Tutor dell\u2019orientamento e inserimento lavorativo\" \/><span class=\"wpcf7-list-item-label\">Tutor dell\u2019orientamento e inserimento lavorativo<\/span><\/label><\/span><span class=\"wpcf7-list-item\"><label><input type=\"checkbox\" name=\"corsi[]\" value=\"5x1000, Come raccogliere con successo\" \/><span class=\"wpcf7-list-item-label\">5x1000, Come raccogliere con successo<\/span><\/label><\/span><span class=\"wpcf7-list-item last\"><label><input type=\"checkbox\" name=\"corsi[]\" value=\"Gestione e rendicontazione dei progetti\" \/><span class=\"wpcf7-list-item-label\">Gestione e rendicontazione dei progetti<\/span><\/label><\/span><\/span><\/span><\/p>\n<p><label>   <\/label><\/p>\n<p><label>Come hai conosciuto il nostro servizio?*<\/label><\/p>\n<p><span class=\"wpcf7-form-control-wrap fonte\"><select name=\"fonte[]\" class=\"wpcf7-form-control wpcf7-select wpcf7-validates-as-required\" aria-required=\"true\" aria-invalid=\"false\" multiple=\"multiple\"><option value=\"Email\">Email<\/option><option value=\"Facebook\">Facebook<\/option><option value=\"Instagram\">Instagram<\/option><option value=\"Tramite un&#039;altra persona\">Tramite un&#039;altra persona<\/option><\/select><\/span><\/p>\n<p><label>* campi obbligatori<\/label><\/p>\n<hr>\n<p><span class=\"wpcf7-form-control-wrap AutorizzazionePrivacy\"><span class=\"wpcf7-form-control wpcf7-checkbox wpcf7-validates-as-required\"><span class=\"wpcf7-list-item first last\"><input type=\"checkbox\" name=\"AutorizzazionePrivacy[]\" value=\"Autorizzo il trattamento dei dati personali\" \/><span class=\"wpcf7-list-item-label\">Autorizzo il trattamento dei dati personali<\/span><\/span><\/span><\/span><br \/>\n<a href=\"http:\/\/www.centroorizzontelavoro.it\/index.php\/privacy-policy\/\" target=\"_blank\" ><br \/>\nLeggi la nostra informativa sulla privacy<br \/>\n<\/a><\/p>\n<div class=\"text-center\">\n<input type=\"submit\" value=\"Iscriviti gratuitamente\" class=\"wpcf7-form-control wpcf7-submit thim-button style6\" \/>\n<\/div>\n<div class=\"wpcf7-response-output\" aria-hidden=\"true\"><\/div>\n<\/form>\n<\/div>\n<\/div>\n<\/div><\/div><\/div><\/div><\/div>","protected":false},"excerpt":{"rendered":"<p>Iscriviti gratuitamente! Iscrivendoti gratuitamente potrai ricevere la newsletter, che ti consentir\u00e0 di visualizzare una breve anteprima dei bandi presenti nel nostro database. Ci\u00f2 ti consentir\u00e0 di comprendere la tipologia dei bandi pubblicati, la loro utilit\u00e0 per la tua organizzazione e, quindi, di valutare quanto sia valido poterti avvalere del servizio [&hellip;]<\/p>\n","protected":false},"author":1,"featured_media":0,"parent":0,"menu_order":0,"comment_status":"closed","ping_status":"closed","template":"","meta":{"_monsterinsights_skip_tracking":false,"_monsterinsights_sitenote_active":false,"_monsterinsights_sitenote_note":"","_monsterinsights_sitenote_category":0},"_links":{"self":[{"href":"http:\/\/www.centroorizzontelavoro.it\/index.php\/wp-json\/wp\/v2\/pages\/11539"}],"collection":[{"href":"http:\/\/www.centroorizzontelavoro.it\/index.php\/wp-json\/wp\/v2\/pages"}],"about":[{"href":"http:\/\/www.centroorizzontelavoro.it\/index.php\/wp-json\/wp\/v2\/types\/page"}],"author":[{"embeddable":true,"href":"http:\/\/www.centroorizzontelavoro.it\/index.php\/wp-json\/wp\/v2\/users\/1"}],"replies":[{"embeddable":true,"href":"http:\/\/www.centroorizzontelavoro.it\/index.php\/wp-json\/wp\/v2\/comments?post=11539"}],"version-history":[{"count":3,"href":"http:\/\/www.centroorizzontelavoro.it\/index.php\/wp-json\/wp\/v2\/pages\/11539\/revisions"}],"predecessor-version":[{"id":11753,"href":"http:\/\/www.centroorizzontelavoro.it\/index.php\/wp-json\/wp\/v2\/pages\/11539\/revisions\/11753"}],"wp:attachment":[{"href":"http:\/\/www.centroorizzontelavoro.it\/index.php\/wp-json\/wp\/v2\/media?parent=11539"}],"curies":[{"name":"wp","href":"https:\/\/api.w.org\/{rel}","templated":true}]}}